{"id":108098,"date":"2024-07-30T22:09:00","date_gmt":"2024-07-31T05:09:00","guid":{"rendered":"https:\/\/bardel.ca\/?page_id=108098"},"modified":"2024-07-30T22:16:03","modified_gmt":"2024-07-31T05:16:03","slug":"avis-sur-lutilisation-des-temoins","status":"publish","type":"page","link":"https:\/\/bardel.ca\/fr\/avis-sur-lutilisation-des-temoins\/","title":{"rendered":"Avis Sur L\u2019utilisation Des T\u00e9moins"},"content":{"rendered":"<div class=\"wpb-content-wrapper\"><p>[vc_row unlock_row_content=\u00a0\u00bbyes\u00a0\u00bb row_height_percent=\u00a0\u00bb0&Prime; override_padding=\u00a0\u00bbyes\u00a0\u00bb h_padding=\u00a0\u00bb2&Prime; top_padding=\u00a0\u00bb4&Prime; bottom_padding=\u00a0\u00bb5&Prime; back_color=\u00a0\u00bbcolor-wayh\u00a0\u00bb overlay_alpha=\u00a0\u00bb50&Prime; gutter_size=\u00a0\u00bb3&Prime; column_width_percent=\u00a0\u00bb100&Prime; shift_y=\u00a0\u00bb0&Prime; z_index=\u00a0\u00bb0&Prime; uncode_shortcode_id=\u00a0\u00bb737134&Prime; back_color_type=\u00a0\u00bbuncode-palette\u00a0\u00bb][vc_column column_width_percent=\u00a0\u00bb85&Prime; gutter_size=\u00a0\u00bb3&Prime; overlay_alpha=\u00a0\u00bb50&Prime; shift_x=\u00a0\u00bb0&Prime; shift_y=\u00a0\u00bb0&Prime; shift_y_down=\u00a0\u00bb0&Prime; z_index=\u00a0\u00bb0&Prime; medium_width=\u00a0\u00bb0&Prime; mobile_width=\u00a0\u00bb0&Prime; css_animation=\u00a0\u00bbbottom-t-top\u00a0\u00bb width=\u00a0\u00bb1\/1&Prime; uncode_shortcode_id=\u00a0\u00bb112655&Prime;][vc_row_inner limit_content=\u00a0\u00bb\u00a0\u00bb][vc_column_inner column_width_percent=\u00a0\u00bb100&Prime; gutter_size=\u00a0\u00bb3&Prime; overlay_alpha=\u00a0\u00bb50&Prime; shift_x=\u00a0\u00bb0&Prime; shift_y=\u00a0\u00bb0&Prime; shift_y_down=\u00a0\u00bb0&Prime; z_index=\u00a0\u00bb0&Prime; medium_width=\u00a0\u00bb7&Prime; mobile_width=\u00a0\u00bb0&Prime; width=\u00a0\u00bb1\/1&Prime; uncode_shortcode_id=\u00a0\u00bb834334&Prime;][vc_custom_heading text_color=\u00a0\u00bbaccent\u00a0\u00bb text_font=\u00a0\u00bbfont-420940&Prime; text_transform=\u00a0\u00bbuppercase\u00a0\u00bb uncode_shortcode_id=\u00a0\u00bb191906&Prime; text_color_type=\u00a0\u00bbuncode-palette\u00a0\u00bb]\u00c0 PROPOS DE BARDEL DIVERTISSEMENT INC. AVIS SUR L\u2019UTILISATION DES T\u00c9MOINS[\/vc_custom_heading][vc_column_text uncode_shortcode_id=\u00a0\u00bb177830&Prime; css=\u00a0\u00bb.vc_custom_1722402845216{margin-top: 9px !important;}\u00a0\u00bb]<strong>Derni\u00e8re modification et date d\u2019entr\u00e9e en vigueur : juin 2024<\/strong><\/p>\n<p>Le pr\u00e9sent avis sur l\u2019utilisation des t\u00e9moins (l\u2019\u00ab avis \u00bb) explique ce que sont les t\u00e9moins et comment nous les utilisons lorsque vous interagissez avec nos sites Web et nos services. Nous vous invitons \u00e0 lire le pr\u00e9set avis non seulement pour comprendre ce que sont les t\u00e9moins, mais aussi la mani\u00e8re dont nous les utilisons, les types de t\u00e9moins que nous utilisons (p. ex., les renseignements que nous recueillons \u00e0 l\u2019aide des t\u00e9moins) et la fa\u00e7on dont ces renseignements sont utilis\u00e9s, ainsi que la mani\u00e8re de contr\u00f4ler les pr\u00e9f\u00e9rences li\u00e9es aux t\u00e9moins. Pour obtenir de plus amples renseignements sur la mani\u00e8re dont nous utilisons vos donn\u00e9es personnelles, les stockons et en pr\u00e9servons la s\u00e9curit\u00e9, veuillez consulter notre <a href=\"https:\/\/bardel.ca\/fr\/politique-de-confidentialite\/\">Politique de confidentialit\u00e9<\/a>.<\/p>\n<p>Vous pouvez \u00e0 tout moment retirer ou modifier votre consentement initial au sujet des t\u00e9moins lorsque vous arrivez sur nos sites Web pour la premi\u00e8re fois. Pour en savoir plus sur nous, sur la mani\u00e8re de communiquer avec nous et sur la fa\u00e7on dont nous traitons vos donn\u00e9es personnelles, veuillez consulter notre <a href=\"https:\/\/bardel.ca\/fr\/politique-de-confidentialite\/\">Politique de confidentialit\u00e9<\/a>.<\/p>\n<p>Sauf s\u2019ils sont d\u00e9finis dans le pr\u00e9sent avis, les termes en majuscules sont aussi d\u00e9finis dans notre <a href=\"https:\/\/bardel.ca\/fr\/politique-de-confidentialite\/\">Politique de confidentialit\u00e9<\/a>.[\/vc_column_text][vc_custom_heading text_color=\u00a0\u00bbcolor-prif\u00a0\u00bb heading_semantic=\u00a0\u00bbh5&Prime; text_font=\u00a0\u00bbfont-111184&Prime; text_size=\u00a0\u00bbh5&Prime; text_transform=\u00a0\u00bbuppercase\u00a0\u00bb sub_reduced=\u00a0\u00bbyes\u00a0\u00bb uncode_shortcode_id=\u00a0\u00bb300399&Prime; text_color_type=\u00a0\u00bbuncode-palette\u00a0\u00bb]QUE SONT LES T\u00c9MOINS?[\/vc_custom_heading][vc_column_text uncode_shortcode_id=\u00a0\u00bb177230&Prime; css=\u00a0\u00bb.vc_custom_1722402861406{margin-top: 9px !important;}\u00a0\u00bb]Les t\u00e9moins sont de petits fichiers texte utilis\u00e9s pour stocker de petits \u00e9l\u00e9ments d\u2019information. Ils sont stock\u00e9s sur votre appareil \u00e0 l\u2019ouverture des sites Web\u00a0 dans votre navigateuret nous aident \u00e0 faire ce qui suit : 1) assurer le bon fonctionnement des sites Web; 2) les rendre plus s\u00e9curitaires; 3) offrir une meilleure exp\u00e9rience aux utilisateurs; et 4) comprendre le fonctionnement des sites Web et ainsi analyser ce qui fonctionne et les points \u00e0 am\u00e9liorer.[\/vc_column_text][vc_custom_heading text_color=\u00a0\u00bbcolor-prif\u00a0\u00bb heading_semantic=\u00a0\u00bbh5&Prime; text_font=\u00a0\u00bbfont-111184&Prime; text_size=\u00a0\u00bbh5&Prime; text_transform=\u00a0\u00bbuppercase\u00a0\u00bb sub_reduced=\u00a0\u00bbyes\u00a0\u00bb uncode_shortcode_id=\u00a0\u00bb592069&Prime; text_color_type=\u00a0\u00bbuncode-palette\u00a0\u00bb]COMMENT UTILISONS-NOUS LES T\u00c9MOINS?[\/vc_custom_heading][vc_column_text uncode_shortcode_id=\u00a0\u00bb501877&Prime; css=\u00a0\u00bb.vc_custom_1722402883335{margin-top: 9px !important;}\u00a0\u00bb]Comme la plupart des services en ligne, nos sites Web utilisent des t\u00e9moins de premier niveau et des t\u00e9moins de tiers \u00e0 diverses fins. Les t\u00e9moins de premier niveau sont surtout n\u00e9cessaires au bon fonctionnement des sites Web. Ils ne recueillent aucune des donn\u00e9es personnelles permettant de vous identifier.<\/p>\n<p>Les t\u00e9moins de tiers utilis\u00e9s sur nos sites Web servent principalement aux fins suivantes\u00a0: 1) comprendre le fonctionnement des sites Web; 2) comprendre la fa\u00e7on dont vous interagissez sur nos sites Web, 3) assurer la s\u00e9curit\u00e9 de nos services 4) offrir des publicit\u00e9s pertinentes pour vous; et 5) globalement, vous offrir une exp\u00e9rience am\u00e9lior\u00e9e, vous aidant ainsi \u00e0 acc\u00e9l\u00e9rer vos visites futures de nos sites Web.[\/vc_column_text][vc_custom_heading text_color=\u00a0\u00bbcolor-prif\u00a0\u00bb heading_semantic=\u00a0\u00bbh5&Prime; text_font=\u00a0\u00bbfont-111184&Prime; text_size=\u00a0\u00bbh5&Prime; text_transform=\u00a0\u00bbuppercase\u00a0\u00bb sub_reduced=\u00a0\u00bbyes\u00a0\u00bb uncode_shortcode_id=\u00a0\u00bb110655&Prime; text_color_type=\u00a0\u00bbuncode-palette\u00a0\u00bb]QUELS TYPES DE T\u00c9MOINS UTILISONS-NOUS?[\/vc_custom_heading][vc_column_text uncode_shortcode_id=\u00a0\u00bb180562&Prime; css=\u00a0\u00bb.vc_custom_1722402899847{margin-top: 9px !important;}\u00a0\u00bb]Le tableau suivant pr\u00e9sente les diff\u00e9rentes cat\u00e9gories de t\u00e9moins utilis\u00e9es et la raison pour laquelle nous les utilisons. Les listes de fournisseurs de t\u00e9moins sont simplement fournies \u00e0 titre d\u2019exemple et ne doivent pas \u00eatre consid\u00e9r\u00e9es comme exhaustives.[\/vc_column_text][vc_column_text uncode_shortcode_id=\u00a0\u00bb531595&Prime;]<\/p>\n<div style=\"overflow-x: auto;\">\n<table width=\"100%\">\n<tbody>\n<tr>\n<td width=\"21%\"><strong>TYPE DE T\u00c9MOIN<\/strong><\/td>\n<td width=\"39%\"><strong>OBJET<\/strong><\/td>\n<td width=\"39%\"><strong>QUI L\u2019UTILISE (PAR EXEMPLE)<\/strong><\/td>\n<\/tr>\n<tr>\n<td width=\"21%\">Strictement n\u00e9cessaire<\/td>\n<td width=\"39%\">Ces t\u00e9moins (y compris le stockage local et les technologies similaires) sont essentiels pour vous permettre d\u2019utiliser le site, notamment en contribuant \u00e0 vous authentifier, \u00e0 assurer la s\u00e9curit\u00e9 du site et \u00e0 adapter les pr\u00e9f\u00e9rences linguistiques selon l\u2019endroit depuis lequel vous le consultez.<\/td>\n<td width=\"39%\">Sites Web, plugiciel Uncode Core (les t\u00e9moins Uncode contiennent de l\u2019information sur la r\u00e9solution de l\u2019\u00e9cran et la fen\u00eatre au moment de l\u2019ex\u00e9cution; les renseignements servent \u00e0 d\u00e9terminer les images adaptatives \u00e0 utiliser lors de l\u2019actualisation d\u2019une page afin de veiller \u00e0 ce que toutes les images s\u2019affichent correctement), et plugiciel multilingue pour WordPress, ou WPML (WPML utilise des t\u00e9moins qui identifient la langue actuelle du visiteur, la langue utilis\u00e9e au cours de la derni\u00e8re visite et la langue des utilisateurs qui ont ouvert une session; lorsque vous utilisez le plugiciel, WPML communique des donn\u00e9es concernant le site par l\u2019entremise du programme d\u2019installation, mais ne transmet aucune donn\u00e9e de l\u2019utilisateur;WPML installe ce t\u00e9moin pour stocker la langue actuelle et les param\u00e8tres linguistiques).<\/td>\n<\/tr>\n<tr>\n<td width=\"21%\">Fonctions et services du site<\/td>\n<td width=\"39%\">Ces t\u00e9moins assurent la fonctionnalit\u00e9 qui nous aide \u00e0 vous offrir du contenu. Par exemple, nous pouvons utiliser des t\u00e9moins et des technologies similaires pour nous aider \u00e0 vous fournir du contenu et une exp\u00e9rience personnalis\u00e9s, notamment en formulant des suggestions.<\/td>\n<td width=\"39%\">Sites Web<\/td>\n<\/tr>\n<tr>\n<td width=\"21%\">Analyse, performance et recherche<\/td>\n<td width=\"39%\">On utilise ces t\u00e9moins pour comprendre, am\u00e9liorer et rechercher des produits, notamment lorsque vous acc\u00e9dez \u00e0 nos sites Web et aux sites Web et applications connexes \u00e0 partir d\u2019un ordinateur ou d\u2019un appareil mobile. Par exemple, nous pouvons utiliser des t\u00e9moins pour comprendre la mani\u00e8re dont vous utilisez les fonctions du site, ou encore segmenter les publics pour mettre des fonctions \u00e0 l\u2019essai. Nos partenaires et nous pouvons utiliser ces technologies et les renseignements que nous recevons pour am\u00e9liorer nos sites Web, nos applications, nos produits, nos services et nos annonces, et mieux comprendre l\u2019utilisation que vous en faites.<\/td>\n<td width=\"39%\">Sites Web<\/td>\n<\/tr>\n<\/tbody>\n<\/table>\n<\/div>\n<p>[\/vc_column_text][vc_custom_heading text_color=\u00a0\u00bbcolor-prif\u00a0\u00bb heading_semantic=\u00a0\u00bbh5&Prime; text_font=\u00a0\u00bbfont-111184&Prime; text_size=\u00a0\u00bbh5&Prime; text_transform=\u00a0\u00bbuppercase\u00a0\u00bb sub_reduced=\u00a0\u00bbyes\u00a0\u00bb uncode_shortcode_id=\u00a0\u00bb847890&Prime; text_color_type=\u00a0\u00bbuncode-palette\u00a0\u00bb]COMMENT PUIS-JE CONTR\u00d4LER LES PR\u00c9F\u00c9RENCES LI\u00c9ES AUX T\u00c9MOINS?[\/vc_custom_heading][vc_column_text uncode_shortcode_id=\u00a0\u00bb102318&Prime; css=\u00a0\u00bb.vc_custom_1722402955528{margin-top: 9px !important;}\u00a0\u00bb]Vous pouvez g\u00e9rer vos pr\u00e9f\u00e9rences en mati\u00e8re de t\u00e9moins en cliquant sur le bouton des param\u00e8tres et en activant ou en d\u00e9sactivant les cat\u00e9gories de t\u00e9moins dans la fen\u00eatre contextuelle selon vos pr\u00e9f\u00e9rences.<\/p>\n<p>Si vous d\u00e9cidez de modifier vos pr\u00e9f\u00e9rences plus tard pendant votre session de navigation, vous pouvez cliquer sur le lien\u00a0 permettant de g\u00e9rer votre consentement en mati\u00e8re de t\u00e9moins. L\u2019avis de consentement s\u2019affichera alors de nouveau, et vous pourrez modifier vos pr\u00e9f\u00e9rences ou retirer enti\u00e8rement votre consentement.<\/p>\n<p>En outre, certains navigateurs offrent diff\u00e9rentes m\u00e9thodes pour bloquer et supprimer les t\u00e9moins qu\u2019utilisent les sites Web. Vous pouvez modifier les param\u00e8tres de votre navigateur pour bloquer ou supprimer les t\u00e9moins.[\/vc_column_text][\/vc_column_inner][\/vc_row_inner][\/vc_column][\/vc_row]<\/p>\n<\/div>","protected":false},"excerpt":{"rendered":"<p>[vc_row unlock_row_content=\u00a0\u00bbyes\u00a0\u00bb row_height_percent=\u00a0\u00bb0&Prime; override_padding=\u00a0\u00bbyes\u00a0\u00bb h_padding=\u00a0\u00bb2&Prime; top_padding=\u00a0\u00bb4&Prime; bottom_padding=\u00a0\u00bb5&Prime; back_color=\u00a0\u00bbcolor-wayh\u00a0\u00bb overlay_alpha=\u00a0\u00bb50&Prime; gutter_size=\u00a0\u00bb3&Prime; column_width_percent=\u00a0\u00bb100&Prime; shift_y=\u00a0\u00bb0&Prime; z_index=\u00a0\u00bb0&Prime; uncode_shortcode_id=\u00a0\u00bb737134&Prime; back_color_type=\u00a0\u00bbuncode-palette\u00a0\u00bb][vc_column column_width_percent=\u00a0\u00bb85&Prime; gutter_size=\u00a0\u00bb3&Prime; overlay_alpha=\u00a0\u00bb50&Prime; shift_x=\u00a0\u00bb0&Prime; shift_y=\u00a0\u00bb0&Prime; [&hellip;]<\/p>\n","protected":false},"author":23,"featured_media":0,"parent":0,"menu_order":0,"comment_status":"closed","ping_status":"closed","template":"","meta":{"inline_featured_image":false,"footnotes":""},"class_list":["post-108098","page","type-page","status-publish","hentry"],"yoast_head":"<!-- This site is optimized with the Yoast SEO plugin v27.4 - https:\/\/yoast.com\/product\/yoast-seo-wordpress\/ -->\n<title>Avis Sur L\u2019utilisation Des T\u00e9moins - Bardel Entertainment<\/title>\n<meta name=\"robots\" content=\"index, follow, max-snippet:-1, max-image-preview:large, max-video-preview:-1\" \/>\n<link rel=\"canonical\" href=\"https:\/\/bardel.ca\/fr\/avis-sur-lutilisation-des-temoins\/\" \/>\n<meta property=\"og:locale\" content=\"fr_FR\" \/>\n<meta property=\"og:type\" content=\"article\" \/>\n<meta property=\"og:title\" content=\"Avis Sur L\u2019utilisation Des T\u00e9moins - Bardel Entertainment\" \/>\n<meta property=\"og:description\" content=\"[vc_row unlock_row_content=\u00a0\u00bbyes\u00a0\u00bb row_height_percent=\u00a0\u00bb0&Prime; override_padding=\u00a0\u00bbyes\u00a0\u00bb h_padding=\u00a0\u00bb2&Prime; top_padding=\u00a0\u00bb4&Prime; bottom_padding=\u00a0\u00bb5&Prime; back_color=\u00a0\u00bbcolor-wayh\u00a0\u00bb overlay_alpha=\u00a0\u00bb50&Prime; gutter_size=\u00a0\u00bb3&Prime; column_width_percent=\u00a0\u00bb100&Prime; shift_y=\u00a0\u00bb0&Prime; z_index=\u00a0\u00bb0&Prime; uncode_shortcode_id=\u00a0\u00bb737134&Prime; back_color_type=\u00a0\u00bbuncode-palette\u00a0\u00bb][vc_column column_width_percent=\u00a0\u00bb85&Prime; gutter_size=\u00a0\u00bb3&Prime; overlay_alpha=\u00a0\u00bb50&Prime; shift_x=\u00a0\u00bb0&Prime; shift_y=\u00a0\u00bb0&Prime; [&hellip;]\" \/>\n<meta property=\"og:url\" content=\"https:\/\/bardel.ca\/fr\/avis-sur-lutilisation-des-temoins\/\" \/>\n<meta property=\"og:site_name\" content=\"Bardel Entertainment\" \/>\n<meta property=\"article:modified_time\" content=\"2024-07-31T05:16:03+00:00\" \/>\n<meta name=\"twitter:label1\" content=\"Dur\u00e9e de lecture estim\u00e9e\" \/>\n\t<meta name=\"twitter:data1\" content=\"5 minutes\" \/>\n<script type=\"application\/ld+json\" class=\"yoast-schema-graph\">{\"@context\":\"https:\\\/\\\/schema.org\",\"@graph\":[{\"@type\":\"WebPage\",\"@id\":\"https:\\\/\\\/bardel.ca\\\/fr\\\/avis-sur-lutilisation-des-temoins\\\/\",\"url\":\"https:\\\/\\\/bardel.ca\\\/fr\\\/avis-sur-lutilisation-des-temoins\\\/\",\"name\":\"Avis Sur L\u2019utilisation Des T\u00e9moins - Bardel Entertainment\",\"isPartOf\":{\"@id\":\"https:\\\/\\\/bardel.ca\\\/fr\\\/#website\"},\"datePublished\":\"2024-07-31T05:09:00+00:00\",\"dateModified\":\"2024-07-31T05:16:03+00:00\",\"breadcrumb\":{\"@id\":\"https:\\\/\\\/bardel.ca\\\/fr\\\/avis-sur-lutilisation-des-temoins\\\/#breadcrumb\"},\"inLanguage\":\"fr-FR\",\"potentialAction\":[{\"@type\":\"ReadAction\",\"target\":[\"https:\\\/\\\/bardel.ca\\\/fr\\\/avis-sur-lutilisation-des-temoins\\\/\"]}]},{\"@type\":\"BreadcrumbList\",\"@id\":\"https:\\\/\\\/bardel.ca\\\/fr\\\/avis-sur-lutilisation-des-temoins\\\/#breadcrumb\",\"itemListElement\":[{\"@type\":\"ListItem\",\"position\":1,\"name\":\"Home\",\"item\":\"https:\\\/\\\/bardel.ca\\\/fr\\\/\"},{\"@type\":\"ListItem\",\"position\":2,\"name\":\"Avis Sur L\u2019utilisation Des T\u00e9moins\"}]},{\"@type\":\"WebSite\",\"@id\":\"https:\\\/\\\/bardel.ca\\\/fr\\\/#website\",\"url\":\"https:\\\/\\\/bardel.ca\\\/fr\\\/\",\"name\":\"Bardel Entertainment\",\"description\":\"Official Website for Award Winning Vancouver Animation Studio.\",\"potentialAction\":[{\"@type\":\"SearchAction\",\"target\":{\"@type\":\"EntryPoint\",\"urlTemplate\":\"https:\\\/\\\/bardel.ca\\\/fr\\\/?s={search_term_string}\"},\"query-input\":{\"@type\":\"PropertyValueSpecification\",\"valueRequired\":true,\"valueName\":\"search_term_string\"}}],\"inLanguage\":\"fr-FR\"}]}<\/script>\n<!-- \/ Yoast SEO plugin. -->","yoast_head_json":{"title":"Avis Sur L\u2019utilisation Des T\u00e9moins - Bardel Entertainment","robots":{"index":"index","follow":"follow","max-snippet":"max-snippet:-1","max-image-preview":"max-image-preview:large","max-video-preview":"max-video-preview:-1"},"canonical":"https:\/\/bardel.ca\/fr\/avis-sur-lutilisation-des-temoins\/","og_locale":"fr_FR","og_type":"article","og_title":"Avis Sur L\u2019utilisation Des T\u00e9moins - Bardel Entertainment","og_description":"[vc_row unlock_row_content=\u00a0\u00bbyes\u00a0\u00bb row_height_percent=\u00a0\u00bb0&Prime; override_padding=\u00a0\u00bbyes\u00a0\u00bb h_padding=\u00a0\u00bb2&Prime; top_padding=\u00a0\u00bb4&Prime; bottom_padding=\u00a0\u00bb5&Prime; back_color=\u00a0\u00bbcolor-wayh\u00a0\u00bb overlay_alpha=\u00a0\u00bb50&Prime; gutter_size=\u00a0\u00bb3&Prime; column_width_percent=\u00a0\u00bb100&Prime; shift_y=\u00a0\u00bb0&Prime; z_index=\u00a0\u00bb0&Prime; uncode_shortcode_id=\u00a0\u00bb737134&Prime; back_color_type=\u00a0\u00bbuncode-palette\u00a0\u00bb][vc_column column_width_percent=\u00a0\u00bb85&Prime; gutter_size=\u00a0\u00bb3&Prime; overlay_alpha=\u00a0\u00bb50&Prime; shift_x=\u00a0\u00bb0&Prime; shift_y=\u00a0\u00bb0&Prime; [&hellip;]","og_url":"https:\/\/bardel.ca\/fr\/avis-sur-lutilisation-des-temoins\/","og_site_name":"Bardel Entertainment","article_modified_time":"2024-07-31T05:16:03+00:00","twitter_misc":{"Dur\u00e9e de lecture estim\u00e9e":"5 minutes"},"schema":{"@context":"https:\/\/schema.org","@graph":[{"@type":"WebPage","@id":"https:\/\/bardel.ca\/fr\/avis-sur-lutilisation-des-temoins\/","url":"https:\/\/bardel.ca\/fr\/avis-sur-lutilisation-des-temoins\/","name":"Avis Sur L\u2019utilisation Des T\u00e9moins - Bardel Entertainment","isPartOf":{"@id":"https:\/\/bardel.ca\/fr\/#website"},"datePublished":"2024-07-31T05:09:00+00:00","dateModified":"2024-07-31T05:16:03+00:00","breadcrumb":{"@id":"https:\/\/bardel.ca\/fr\/avis-sur-lutilisation-des-temoins\/#breadcrumb"},"inLanguage":"fr-FR","potentialAction":[{"@type":"ReadAction","target":["https:\/\/bardel.ca\/fr\/avis-sur-lutilisation-des-temoins\/"]}]},{"@type":"BreadcrumbList","@id":"https:\/\/bardel.ca\/fr\/avis-sur-lutilisation-des-temoins\/#breadcrumb","itemListElement":[{"@type":"ListItem","position":1,"name":"Home","item":"https:\/\/bardel.ca\/fr\/"},{"@type":"ListItem","position":2,"name":"Avis Sur L\u2019utilisation Des T\u00e9moins"}]},{"@type":"WebSite","@id":"https:\/\/bardel.ca\/fr\/#website","url":"https:\/\/bardel.ca\/fr\/","name":"Bardel Entertainment","description":"Official Website for Award Winning Vancouver Animation Studio.","potentialAction":[{"@type":"SearchAction","target":{"@type":"EntryPoint","urlTemplate":"https:\/\/bardel.ca\/fr\/?s={search_term_string}"},"query-input":{"@type":"PropertyValueSpecification","valueRequired":true,"valueName":"search_term_string"}}],"inLanguage":"fr-FR"}]}},"_links":{"self":[{"href":"https:\/\/bardel.ca\/fr\/wp-json\/wp\/v2\/pages\/108098","targetHints":{"allow":["GET"]}}],"collection":[{"href":"https:\/\/bardel.ca\/fr\/wp-json\/wp\/v2\/pages"}],"about":[{"href":"https:\/\/bardel.ca\/fr\/wp-json\/wp\/v2\/types\/page"}],"author":[{"embeddable":true,"href":"https:\/\/bardel.ca\/fr\/wp-json\/wp\/v2\/users\/23"}],"replies":[{"embeddable":true,"href":"https:\/\/bardel.ca\/fr\/wp-json\/wp\/v2\/comments?post=108098"}],"version-history":[{"count":1,"href":"https:\/\/bardel.ca\/fr\/wp-json\/wp\/v2\/pages\/108098\/revisions"}],"predecessor-version":[{"id":108099,"href":"https:\/\/bardel.ca\/fr\/wp-json\/wp\/v2\/pages\/108098\/revisions\/108099"}],"wp:attachment":[{"href":"https:\/\/bardel.ca\/fr\/wp-json\/wp\/v2\/media?parent=108098"}],"curies":[{"name":"wp","href":"https:\/\/api.w.org\/{rel}","templated":true}]}}