{"id":107629,"date":"2014-09-24T11:23:52","date_gmt":"2014-09-24T18:23:52","guid":{"rendered":"https:\/\/bardel.ca\/actualites\/"},"modified":"2025-10-15T12:11:59","modified_gmt":"2025-10-15T19:11:59","slug":"actualites","status":"publish","type":"page","link":"https:\/\/bardel.ca\/fr\/actualites\/","title":{"rendered":"Actualit\u00e9s"},"content":{"rendered":"<div class=\"wpb-content-wrapper\"><p>[vc_row unlock_row_content=\u00a0\u00bbyes\u00a0\u00bb row_height_percent=\u00a0\u00bb0&Prime; back_color=\u00a0\u00bbcolor-wayh\u00a0\u00bb overlay_alpha=\u00a0\u00bb50&Prime; gutter_size=\u00a0\u00bb3&Prime; column_width_percent=\u00a0\u00bb100&Prime; shift_y=\u00a0\u00bb0&Prime; z_index=\u00a0\u00bb0&Prime; uncode_shortcode_id=\u00a0\u00bb115117&Prime; back_color_type=\u00a0\u00bbuncode-palette\u00a0\u00bb][vc_column width=\u00a0\u00bb1\/1&Prime;][uncode_index el_id=\u00a0\u00bbindex-202022&Prime; loop=\u00a0\u00bbsize:8|order_by:date|post_type:post|taxonomy_count:10&Prime; style_preset=\u00a0\u00bbmetro\u00a0\u00bb screen_lg=\u00a0\u00bb1000&Prime; screen_md=\u00a0\u00bb600&Prime; screen_sm=\u00a0\u00bb480&Prime; filtering=\u00a0\u00bbyes\u00a0\u00bb filter_style=\u00a0\u00bbdark\u00a0\u00bb filtering_uppercase=\u00a0\u00bbyes\u00a0\u00bb filtering_position=\u00a0\u00bbcenter\u00a0\u00bb gutter_size=\u00a0\u00bb3&Prime; post_items=\u00a0\u00bbmedia|featured|onpost|original,date,title\u00a0\u00bb pagination=\u00a0\u00bbyes\u00a0\u00bb footer_style=\u00a0\u00bbdark\u00a0\u00bb pagination_disable_history=\u00a0\u00bbyes\u00a0\u00bb single_text=\u00a0\u00bboverlay\u00a0\u00bb single_width=\u00a0\u00bb3&Prime; single_height=\u00a0\u00bb3&Prime; single_overlay_color=\u00a0\u00bbcolor-jevc\u00a0\u00bb single_overlay_coloration=\u00a0\u00bbbottom_gradient\u00a0\u00bb single_overlay_opacity=\u00a0\u00bb50&Prime; single_overlay_visible=\u00a0\u00bbyes\u00a0\u00bb single_overlay_anim=\u00a0\u00bbno\u00a0\u00bb single_text_visible=\u00a0\u00bbyes\u00a0\u00bb single_text_anim=\u00a0\u00bbno\u00a0\u00bb single_image_magnetic=\u00a0\u00bbyes\u00a0\u00bb single_v_position=\u00a0\u00bbbottom\u00a0\u00bb single_padding=\u00a0\u00bb1&Prime; single_title_family=\u00a0\u00bbfont-420940&Prime; single_title_dimension=\u00a0\u00bbh5&Prime; single_title_weight=\u00a0\u00bb500&Prime; single_title_transform=\u00a0\u00bbuppercase\u00a0\u00bb single_title_height=\u00a0\u00bbfontheight-179065&Prime; single_meta_custom_typo=\u00a0\u00bbyes\u00a0\u00bb single_meta_size=\u00a0\u00bbdefault\u00a0\u00bb single_meta_transform=\u00a0\u00bbuppercase\u00a0\u00bb single_border=\u00a0\u00bbyes\u00a0\u00bb single_css_animation=\u00a0\u00bbbottom-t-top\u00a0\u00bb uncode_shortcode_id=\u00a0\u00bb602198&Prime; items=\u00a0\u00bbeyIzMDUzX2kiOnsic2luZ2xlX3dpZHRoIjoiNiIsInNpbmdsZV9oZWlnaHQiOiI2In0sIjIyNDhfaSI6eyJzaW5nbGVfd2lkdGgiOiI2Iiwic2luZ2xlX2hlaWdodCI6IjYifSwiMjMzMV9pIjp7InNpbmdsZV93aWR0aCI6IjYiLCJzaW5nbGVfaGVpZ2h0IjoiNiJ9LCIyMDc3X2kiOnsic2luZ2xlX3dpZHRoIjoiNiIsInNpbmdsZV9oZWlnaHQiOiI2In0sIjEzMjVfaSI6eyJzaW5nbGVfd2lkdGgiOiI2Iiwic2luZ2xlX2hlaWdodCI6IjYifSwiMTA2MTA3X2kiOnsic2luZ2xlX3dpZHRoIjoiNiIsInNpbmdsZV9oZWlnaHQiOiI2In19&Prime;][\/vc_column][\/vc_row]<\/p>\n<\/div>","protected":false},"excerpt":{"rendered":"<p>[vc_row unlock_row_content=\u00a0\u00bbyes\u00a0\u00bb row_height_percent=\u00a0\u00bb0&Prime; back_color=\u00a0\u00bbcolor-wayh\u00a0\u00bb overlay_alpha=\u00a0\u00bb50&Prime; gutter_size=\u00a0\u00bb3&Prime; column_width_percent=\u00a0\u00bb100&Prime; shift_y=\u00a0\u00bb0&Prime; z_index=\u00a0\u00bb0&Prime; uncode_shortcode_id=\u00a0\u00bb115117&Prime; back_color_type=\u00a0\u00bbuncode-palette\u00a0\u00bb][vc_column width=\u00a0\u00bb1\/1&Prime;][uncode_index el_id=\u00a0\u00bbindex-202022&Prime; loop=\u00a0\u00bbsize:8|order_by:date|post_type:post|taxonomy_count:10&Prime; style_preset=\u00a0\u00bbmetro\u00a0\u00bb screen_lg=\u00a0\u00bb1000&Prime; screen_md=\u00a0\u00bb600&Prime; screen_sm=\u00a0\u00bb480&Prime; filtering=\u00a0\u00bbyes\u00a0\u00bb filter_style=\u00a0\u00bbdark\u00a0\u00bb [&hellip;]<\/p>\n","protected":false},"author":37,"featured_media":0,"parent":0,"menu_order":10,"comment_status":"open","ping_status":"closed","template":"","meta":{"inline_featured_image":false,"footnotes":""},"class_list":["post-107629","page","type-page","status-publish","hentry"],"yoast_head":"<!-- This site is optimized with the Yoast SEO plugin v27.4 - https:\/\/yoast.com\/product\/yoast-seo-wordpress\/ -->\n<title>Actualit\u00e9s - Bardel Entertainment<\/title>\n<meta name=\"description\" content=\"Restez au fait des actualit\u00e9s chez Bardel. Consultez notre page d&#039;actualit\u00e9s pour obtenir des informations sur les nouvelles sorties et les communiqu\u00e9s de presse au fur et \u00e0 mesure que nous les diffusons.\" \/>\n<meta name=\"robots\" content=\"index, follow, max-snippet:-1, max-image-preview:large, max-video-preview:-1\" \/>\n<link rel=\"canonical\" href=\"https:\/\/bardel.ca\/fr\/actualites\/\" \/>\n<meta property=\"og:locale\" content=\"fr_FR\" \/>\n<meta property=\"og:type\" content=\"article\" \/>\n<meta property=\"og:title\" content=\"Actualit\u00e9s - Bardel Entertainment\" \/>\n<meta property=\"og:description\" content=\"Restez au fait des actualit\u00e9s chez Bardel. Consultez notre page d&#039;actualit\u00e9s pour obtenir des informations sur les nouvelles sorties et les communiqu\u00e9s de presse au fur et \u00e0 mesure que nous les diffusons.\" \/>\n<meta property=\"og:url\" content=\"https:\/\/bardel.ca\/fr\/actualites\/\" \/>\n<meta property=\"og:site_name\" content=\"Bardel Entertainment\" \/>\n<meta property=\"article:modified_time\" content=\"2025-10-15T19:11:59+00:00\" \/>\n<meta name=\"twitter:label1\" content=\"Dur\u00e9e de lecture estim\u00e9e\" \/>\n\t<meta name=\"twitter:data1\" content=\"1 minute\" \/>\n<script type=\"application\/ld+json\" class=\"yoast-schema-graph\">{\"@context\":\"https:\\\/\\\/schema.org\",\"@graph\":[{\"@type\":\"WebPage\",\"@id\":\"https:\\\/\\\/bardel.ca\\\/fr\\\/actualites\\\/\",\"url\":\"https:\\\/\\\/bardel.ca\\\/fr\\\/actualites\\\/\",\"name\":\"Actualit\u00e9s - Bardel Entertainment\",\"isPartOf\":{\"@id\":\"https:\\\/\\\/bardel.ca\\\/fr\\\/#website\"},\"datePublished\":\"2014-09-24T18:23:52+00:00\",\"dateModified\":\"2025-10-15T19:11:59+00:00\",\"description\":\"Restez au fait des actualit\u00e9s chez Bardel. Consultez notre page d'actualit\u00e9s pour obtenir des informations sur les nouvelles sorties et les communiqu\u00e9s de presse au fur et \u00e0 mesure que nous les diffusons.\",\"breadcrumb\":{\"@id\":\"https:\\\/\\\/bardel.ca\\\/fr\\\/actualites\\\/#breadcrumb\"},\"inLanguage\":\"fr-FR\",\"potentialAction\":[{\"@type\":\"ReadAction\",\"target\":[\"https:\\\/\\\/bardel.ca\\\/fr\\\/actualites\\\/\"]}]},{\"@type\":\"BreadcrumbList\",\"@id\":\"https:\\\/\\\/bardel.ca\\\/fr\\\/actualites\\\/#breadcrumb\",\"itemListElement\":[{\"@type\":\"ListItem\",\"position\":1,\"name\":\"Home\",\"item\":\"https:\\\/\\\/bardel.ca\\\/fr\\\/\"},{\"@type\":\"ListItem\",\"position\":2,\"name\":\"Actualit\u00e9s\"}]},{\"@type\":\"WebSite\",\"@id\":\"https:\\\/\\\/bardel.ca\\\/fr\\\/#website\",\"url\":\"https:\\\/\\\/bardel.ca\\\/fr\\\/\",\"name\":\"Bardel Entertainment\",\"description\":\"Official Website for Award Winning Vancouver Animation Studio.\",\"potentialAction\":[{\"@type\":\"SearchAction\",\"target\":{\"@type\":\"EntryPoint\",\"urlTemplate\":\"https:\\\/\\\/bardel.ca\\\/fr\\\/?s={search_term_string}\"},\"query-input\":{\"@type\":\"PropertyValueSpecification\",\"valueRequired\":true,\"valueName\":\"search_term_string\"}}],\"inLanguage\":\"fr-FR\"}]}<\/script>\n<!-- \/ Yoast SEO plugin. -->","yoast_head_json":{"title":"Actualit\u00e9s - Bardel Entertainment","description":"Restez au fait des actualit\u00e9s chez Bardel. Consultez notre page d'actualit\u00e9s pour obtenir des informations sur les nouvelles sorties et les communiqu\u00e9s de presse au fur et \u00e0 mesure que nous les diffusons.","robots":{"index":"index","follow":"follow","max-snippet":"max-snippet:-1","max-image-preview":"max-image-preview:large","max-video-preview":"max-video-preview:-1"},"canonical":"https:\/\/bardel.ca\/fr\/actualites\/","og_locale":"fr_FR","og_type":"article","og_title":"Actualit\u00e9s - Bardel Entertainment","og_description":"Restez au fait des actualit\u00e9s chez Bardel. Consultez notre page d'actualit\u00e9s pour obtenir des informations sur les nouvelles sorties et les communiqu\u00e9s de presse au fur et \u00e0 mesure que nous les diffusons.","og_url":"https:\/\/bardel.ca\/fr\/actualites\/","og_site_name":"Bardel Entertainment","article_modified_time":"2025-10-15T19:11:59+00:00","twitter_misc":{"Dur\u00e9e de lecture estim\u00e9e":"1 minute"},"schema":{"@context":"https:\/\/schema.org","@graph":[{"@type":"WebPage","@id":"https:\/\/bardel.ca\/fr\/actualites\/","url":"https:\/\/bardel.ca\/fr\/actualites\/","name":"Actualit\u00e9s - Bardel Entertainment","isPartOf":{"@id":"https:\/\/bardel.ca\/fr\/#website"},"datePublished":"2014-09-24T18:23:52+00:00","dateModified":"2025-10-15T19:11:59+00:00","description":"Restez au fait des actualit\u00e9s chez Bardel. Consultez notre page d'actualit\u00e9s pour obtenir des informations sur les nouvelles sorties et les communiqu\u00e9s de presse au fur et \u00e0 mesure que nous les diffusons.","breadcrumb":{"@id":"https:\/\/bardel.ca\/fr\/actualites\/#breadcrumb"},"inLanguage":"fr-FR","potentialAction":[{"@type":"ReadAction","target":["https:\/\/bardel.ca\/fr\/actualites\/"]}]},{"@type":"BreadcrumbList","@id":"https:\/\/bardel.ca\/fr\/actualites\/#breadcrumb","itemListElement":[{"@type":"ListItem","position":1,"name":"Home","item":"https:\/\/bardel.ca\/fr\/"},{"@type":"ListItem","position":2,"name":"Actualit\u00e9s"}]},{"@type":"WebSite","@id":"https:\/\/bardel.ca\/fr\/#website","url":"https:\/\/bardel.ca\/fr\/","name":"Bardel Entertainment","description":"Official Website for Award Winning Vancouver Animation Studio.","potentialAction":[{"@type":"SearchAction","target":{"@type":"EntryPoint","urlTemplate":"https:\/\/bardel.ca\/fr\/?s={search_term_string}"},"query-input":{"@type":"PropertyValueSpecification","valueRequired":true,"valueName":"search_term_string"}}],"inLanguage":"fr-FR"}]}},"_links":{"self":[{"href":"https:\/\/bardel.ca\/fr\/wp-json\/wp\/v2\/pages\/107629","targetHints":{"allow":["GET"]}}],"collection":[{"href":"https:\/\/bardel.ca\/fr\/wp-json\/wp\/v2\/pages"}],"about":[{"href":"https:\/\/bardel.ca\/fr\/wp-json\/wp\/v2\/types\/page"}],"author":[{"embeddable":true,"href":"https:\/\/bardel.ca\/fr\/wp-json\/wp\/v2\/users\/37"}],"replies":[{"embeddable":true,"href":"https:\/\/bardel.ca\/fr\/wp-json\/wp\/v2\/comments?post=107629"}],"version-history":[{"count":4,"href":"https:\/\/bardel.ca\/fr\/wp-json\/wp\/v2\/pages\/107629\/revisions"}],"predecessor-version":[{"id":108384,"href":"https:\/\/bardel.ca\/fr\/wp-json\/wp\/v2\/pages\/107629\/revisions\/108384"}],"wp:attachment":[{"href":"https:\/\/bardel.ca\/fr\/wp-json\/wp\/v2\/media?parent=107629"}],"curies":[{"name":"wp","href":"https:\/\/api.w.org\/{rel}","templated":true}]}}