{"id":107516,"date":"2022-06-24T10:21:18","date_gmt":"2022-06-24T17:21:18","guid":{"rendered":"https:\/\/bardel.ca\/contactez-nous\/"},"modified":"2025-08-28T11:11:20","modified_gmt":"2025-08-28T18:11:20","slug":"contactez-nous","status":"publish","type":"page","link":"https:\/\/bardel.ca\/fr\/contactez-nous\/","title":{"rendered":"Contactez-nous"},"content":{"rendered":"<div class=\"wpb-content-wrapper\"><p>[vc_row row_height_percent=\u00a0\u00bb40&Prime; override_padding=\u00a0\u00bbyes\u00a0\u00bb h_padding=\u00a0\u00bb2&Prime; top_padding=\u00a0\u00bb2&Prime; bottom_padding=\u00a0\u00bb6&Prime; back_color=\u00a0\u00bbcolor-wayh\u00a0\u00bb overlay_alpha=\u00a0\u00bb50&Prime; gutter_size=\u00a0\u00bb4&Prime; column_width_percent=\u00a0\u00bb100&Prime; shift_y=\u00a0\u00bb0&Prime; z_index=\u00a0\u00bb0&Prime; uncode_shortcode_id=\u00a0\u00bb188085&Prime; back_color_type=\u00a0\u00bbuncode-palette\u00a0\u00bb][vc_column column_width_percent=\u00a0\u00bb85&Prime; gutter_size=\u00a0\u00bb2&Prime; overlay_alpha=\u00a0\u00bb50&Prime; shift_x=\u00a0\u00bb0&Prime; shift_y=\u00a0\u00bb0&Prime; shift_y_down=\u00a0\u00bb0&Prime; z_index=\u00a0\u00bb0&Prime; medium_width=\u00a0\u00bb0&Prime; mobile_width=\u00a0\u00bb0&Prime; css_animation=\u00a0\u00bbbottom-t-top\u00a0\u00bb width=\u00a0\u00bb1\/2&Prime; uncode_shortcode_id=\u00a0\u00bb817937&Prime;][vc_row_inner limit_content=\u00a0\u00bb\u00a0\u00bb][vc_column_inner column_width_percent=\u00a0\u00bb80&Prime; gutter_size=\u00a0\u00bb3&Prime; overlay_alpha=\u00a0\u00bb50&Prime; shift_x=\u00a0\u00bb0&Prime; shift_y=\u00a0\u00bb0&Prime; shift_y_down=\u00a0\u00bb0&Prime; z_index=\u00a0\u00bb0&Prime; medium_width=\u00a0\u00bb0&Prime; mobile_width=\u00a0\u00bb0&Prime; width=\u00a0\u00bb1\/2&Prime; uncode_shortcode_id=\u00a0\u00bb150219&Prime;][vc_column_text text_lead=\u00a0\u00bbyes\u00a0\u00bb uncode_shortcode_id=\u00a0\u00bb886229&Prime;]Nous sommes toujours pr\u00eats \u00e0 rencontrer et \u00e0 discuter de nouvelles id\u00e9es. Partagez votre histoire et nous vous contacterons.[\/vc_column_text][\/vc_column_inner][vc_column_inner width=\u00a0\u00bb1\/2&Prime;]\n<div class=\"wpcf7 no-js\" id=\"wpcf7-f107734-o1\" lang=\"fr-FR\" dir=\"ltr\" data-wpcf7-id=\"107734\">\n<div class=\"screen-reader-response\"><p role=\"status\" aria-live=\"polite\" aria-atomic=\"true\"><\/p> <ul><\/ul><\/div>\n<form action=\"\/fr\/wp-json\/wp\/v2\/pages\/107516#wpcf7-f107734-o1\" method=\"post\" class=\"wpcf7-form init\" aria-label=\"Formulaire de contact\" novalidate=\"novalidate\" data-status=\"init\">\n<fieldset class=\"hidden-fields-container\"><input type=\"hidden\" name=\"_wpcf7\" value=\"107734\" \/><input type=\"hidden\" name=\"_wpcf7_version\" value=\"6.1.5\" \/><input type=\"hidden\" name=\"_wpcf7_locale\" value=\"fr_FR\" \/><input type=\"hidden\" name=\"_wpcf7_unit_tag\" value=\"wpcf7-f107734-o1\" \/><input type=\"hidden\" name=\"_wpcf7_container_post\" value=\"0\" \/><input type=\"hidden\" name=\"_wpcf7_posted_data_hash\" value=\"\" \/>\n<\/fieldset>\n<p>Votre nom (requis)\n<\/p>\n<p><span class=\"wpcf7-form-control-wrap\" data-name=\"your-firstname\"><input size=\"40\" maxlength=\"400\" class=\"wpcf7-form-control wpcf7-text wpcf7-validates-as-required form-fluid\" aria-required=\"true\" aria-invalid=\"false\" value=\"\" type=\"text\" name=\"your-firstname\" \/><\/span>\n<\/p>\n<p>Votre courriel (requis)\n<\/p>\n<p><span class=\"wpcf7-form-control-wrap\" data-name=\"your-email\"><input size=\"40\" maxlength=\"400\" class=\"wpcf7-form-control wpcf7-email wpcf7-validates-as-required wpcf7-text wpcf7-validates-as-email form-fluid\" aria-required=\"true\" aria-invalid=\"false\" value=\"\" type=\"email\" name=\"your-email\" \/><\/span>\n<\/p>\n<p>Votre message\n<\/p>\n<p><span class=\"wpcf7-form-control-wrap\" data-name=\"your-message\"><textarea cols=\"40\" rows=\"8\" maxlength=\"2000\" class=\"wpcf7-form-control wpcf7-textarea\" aria-invalid=\"false\" name=\"your-message\"><\/textarea><\/span>\n<\/p>\n<div class=\"cf7-cf-turnstile\" style=\"margin-top: 0px; margin-bottom: -15px;\"> <div id=\"cf-turnstile-cf7-229049602\" class=\"cf-turnstile\" data-callback=\"turnstileCF7Callback\" data-sitekey=\"0x4AAAAAACOTyPvRzFA9zxnc\" data-theme=\"light\" data-language=\"fr\" data-size=\"normal\" data-retry=\"auto\" data-retry-interval=\"1000\" data-refresh-expired=\"auto\" data-refresh-timeout=\"auto\" data-action=\"contact-form-7\" data-callback=\"turnstileCF7Callback\" data-appearance=\"always\"><\/div> <style>.wpcf7-submit { pointer-events: none; opacity: 0.5; }<\/style> <script>document.addEventListener(\"DOMContentLoaded\", function() { setTimeout(function(){ var e=document.getElementById(\"cf-turnstile-cf7-229049602\"); if(e&&!e.innerHTML.trim()){turnstile.render(e, {sitekey:\"0x4AAAAAACOTyPvRzFA9zxnc\"});} }, 200); });<\/script> <br class=\"cf-turnstile-br cf-turnstile-br-cf7-229049602\"> <style>#cf-turnstile-cf7-229049602 { margin-left: -15px; }<\/style> <script>document.addEventListener(\"DOMContentLoaded\",function(){document.querySelectorAll('.wpcf7-form').forEach(function(e){e.addEventListener('submit',function(){if(document.getElementById('cf-turnstile-cf7-229049602')){setTimeout(function(){turnstile.reset('#cf-turnstile-cf7-229049602');},1000)}})})});<\/script> <\/div><br\/><input class=\"wpcf7-form-control wpcf7-submit has-spinner btn btn-color-rgdb btn-st\" type=\"submit\" value=\"ENVOYER LE MESSAGE\" \/>\n<\/p><div class=\"wpcf7-response-output\" aria-hidden=\"true\"><\/div>\n<\/form>\n<\/div>\n[\/vc_column_inner][\/vc_row_inner][\/vc_column][\/vc_row][vc_row unlock_row_content=\u00a0\u00bbyes\u00a0\u00bb row_height_percent=\u00a0\u00bb0&Prime; override_padding=\u00a0\u00bbyes\u00a0\u00bb h_padding=\u00a0\u00bb2&Prime; top_padding=\u00a0\u00bb4&Prime; bottom_padding=\u00a0\u00bb5&Prime; back_color=\u00a0\u00bbcolor-wayh\u00a0\u00bb overlay_alpha=\u00a0\u00bb50&Prime; gutter_size=\u00a0\u00bb3&Prime; column_width_percent=\u00a0\u00bb100&Prime; shift_y=\u00a0\u00bb0&Prime; z_index=\u00a0\u00bb0&Prime; uncode_shortcode_id=\u00a0\u00bb737134&Prime; back_color_type=\u00a0\u00bbuncode-palette\u00a0\u00bb][vc_column column_width_percent=\u00a0\u00bb85&Prime; gutter_size=\u00a0\u00bb3&Prime; overlay_alpha=\u00a0\u00bb50&Prime; shift_x=\u00a0\u00bb0&Prime; shift_y=\u00a0\u00bb0&Prime; shift_y_down=\u00a0\u00bb0&Prime; z_index=\u00a0\u00bb0&Prime; medium_width=\u00a0\u00bb0&Prime; mobile_width=\u00a0\u00bb0&Prime; css_animation=\u00a0\u00bbbottom-t-top\u00a0\u00bb width=\u00a0\u00bb1\/1&Prime; uncode_shortcode_id=\u00a0\u00bb112655&Prime;][vc_row_inner limit_content=\u00a0\u00bb\u00a0\u00bb][vc_column_inner column_width_percent=\u00a0\u00bb100&Prime; gutter_size=\u00a0\u00bb3&Prime; overlay_alpha=\u00a0\u00bb50&Prime; shift_x=\u00a0\u00bb0&Prime; shift_y=\u00a0\u00bb0&Prime; shift_y_down=\u00a0\u00bb0&Prime; z_index=\u00a0\u00bb0&Prime; medium_width=\u00a0\u00bb7&Prime; mobile_width=\u00a0\u00bb0&Prime; width=\u00a0\u00bb1\/4&Prime; uncode_shortcode_id=\u00a0\u00bb834334&Prime;][vc_custom_heading text_color=\u00a0\u00bbaccent\u00a0\u00bb text_font=\u00a0\u00bbfont-420940&Prime; text_size=\u00a0\u00bbh3&Prime; text_transform=\u00a0\u00bbuppercase\u00a0\u00bb uncode_shortcode_id=\u00a0\u00bb153743&Prime; text_color_type=\u00a0\u00bbuncode-palette\u00a0\u00bb]Renseignements g\u00e9n\u00e9raux[\/vc_custom_heading][vc_empty_space empty_h=\u00a0\u00bb2&Prime;][\/vc_column_inner][vc_column_inner column_width_percent=\u00a0\u00bb100&Prime; gutter_size=\u00a0\u00bb3&Prime; overlay_alpha=\u00a0\u00bb50&Prime; shift_x=\u00a0\u00bb0&Prime; shift_y=\u00a0\u00bb0&Prime; shift_y_down=\u00a0\u00bb0&Prime; z_index=\u00a0\u00bb0&Prime; medium_width=\u00a0\u00bb4&Prime; mobile_width=\u00a0\u00bb0&Prime; width=\u00a0\u00bb1\/4&Prime; uncode_shortcode_id=\u00a0\u00bb809262&Prime;][vc_custom_heading text_color=\u00a0\u00bbcolor-prif\u00a0\u00bb heading_semantic=\u00a0\u00bbh6&Prime; text_font=\u00a0\u00bbfont-111184&Prime; text_size=\u00a0\u00bbh6&Prime; text_transform=\u00a0\u00bbuppercase\u00a0\u00bb sub_reduced=\u00a0\u00bbyes\u00a0\u00bb uncode_shortcode_id=\u00a0\u00bb176176&Prime; text_color_type=\u00a0\u00bbuncode-palette\u00a0\u00bb]VANCOUVER (Si\u00e8ge social)[\/vc_custom_heading][vc_column_text uncode_shortcode_id=\u00a0\u00bb637252&Prime; css=\u00a0\u00bb.vc_custom_1704837615648{margin-top: 9px !important;}\u00a0\u00bb]425 West 6th Ave (5e \u00e9tage)<br \/>\nVancouver BC<br \/>\nV5Y 1L3<br \/>\nt\u00e9l: 604.669.5589[\/vc_column_text][\/vc_column_inner][vc_column_inner width=\u00a0\u00bb1\/4&Prime;][vc_custom_heading text_color=\u00a0\u00bbcolor-prif\u00a0\u00bb heading_semantic=\u00a0\u00bbh6&Prime; text_font=\u00a0\u00bbfont-111184&Prime; text_size=\u00a0\u00bbh6&Prime; text_transform=\u00a0\u00bbuppercase\u00a0\u00bb sub_reduced=\u00a0\u00bbyes\u00a0\u00bb uncode_shortcode_id=\u00a0\u00bb203764&Prime; text_color_type=\u00a0\u00bbuncode-palette\u00a0\u00bb]MONTR\u00c9AL[\/vc_custom_heading][vc_column_text uncode_shortcode_id=\u00a0\u00bb111926&Prime; css=\u00a0\u00bb.vc_custom_1756404650094{margin-top: 9px !important;}\u00a0\u00bb]50 Rue Queen (3e \u00e9tage)<br \/>\nMontr\u00e9al, QC<br \/>\nH3K 2B7[\/vc_column_text][\/vc_column_inner][\/vc_row_inner][\/vc_column][\/vc_row][vc_row unlock_row_content=\u00a0\u00bbyes\u00a0\u00bb row_height_percent=\u00a0\u00bb20&Prime; override_padding=\u00a0\u00bbyes\u00a0\u00bb h_padding=\u00a0\u00bb3&Prime; top_padding=\u00a0\u00bb3&Prime; bottom_padding=\u00a0\u00bb2&Prime; back_color=\u00a0\u00bbcolor-mblb\u00a0\u00bb overlay_alpha=\u00a0\u00bb50&Prime; gutter_size=\u00a0\u00bb4&Prime; column_width_percent=\u00a0\u00bb100&Prime; shift_y=\u00a0\u00bb0&Prime; z_index=\u00a0\u00bb0&Prime; uncode_shortcode_id=\u00a0\u00bb164590&Prime; back_color_type=\u00a0\u00bbuncode-palette\u00a0\u00bb][vc_column column_width_use_pixel=\u00a0\u00bbyes\u00a0\u00bb position_vertical=\u00a0\u00bbbottom\u00a0\u00bb align_horizontal=\u00a0\u00bbalign_center\u00a0\u00bb gutter_size=\u00a0\u00bb3&Prime; style=\u00a0\u00bbdark\u00a0\u00bb overlay_alpha=\u00a0\u00bb50&Prime; shift_x=\u00a0\u00bb0&Prime; shift_y=\u00a0\u00bb0&Prime; shift_y_down=\u00a0\u00bb0&Prime; z_index=\u00a0\u00bb0&Prime; medium_width=\u00a0\u00bb0&Prime; mobile_width=\u00a0\u00bb0&Prime; css_animation=\u00a0\u00bbbottom-t-top\u00a0\u00bb animation_delay=\u00a0\u00bb200&Prime; parallax_intensity=\u00a0\u00bb3&Prime; width=\u00a0\u00bb1\/1&Prime; uncode_shortcode_id=\u00a0\u00bb659585&Prime; column_width_pixel=\u00a0\u00bb750&Prime;][vc_custom_heading text_color=\u00a0\u00bbcolor-xsdn\u00a0\u00bb text_font=\u00a0\u00bbfont-111184&Prime; text_size=\u00a0\u00bbfontsize-445851&Prime; text_transform=\u00a0\u00bbuppercase\u00a0\u00bb text_height=\u00a0\u00bbfontheight-357766&Prime; css_animation=\u00a0\u00bbmarquee-scroll-opposite\u00a0\u00bb marquee_clone=\u00a0\u00bbyes\u00a0\u00bb uncode_shortcode_id=\u00a0\u00bb173096&Prime; text_color_type=\u00a0\u00bbuncode-palette\u00a0\u00bb]Joignez-nous[\/vc_custom_heading]<div class=\"reveal-element js-risingimage\"><div class=\"reveal-element-container\"><img decoding=\"async\" class=\"reveal-image-bg\" src=\"https:\/\/bardel.ca\/wp-content\/themes\/uncode-child\/assets\/reveal.png\" alt=\"Reveal\" \/><image class=\"reveal-image\" src=\"https:\/\/bardel.ca\/wp-content\/uploads\/2022\/07\/Rick_Morty_Popup_350.png\" alt=\"Reveal\" \/><\/div><\/div>[vc_custom_heading text_color=\u00a0\u00bbcolor-prif\u00a0\u00bb heading_semantic=\u00a0\u00bbh3&Prime; text_font=\u00a0\u00bbfont-111184&Prime; text_size=\u00a0\u00bbh6&Prime; text_weight=\u00a0\u00bb500&Prime; text_transform=\u00a0\u00bbuppercase\u00a0\u00bb uncode_shortcode_id=\u00a0\u00bb116417&Prime; text_color_type=\u00a0\u00bbuncode-palette\u00a0\u00bb]TRAVAILLEZ AVEC DES CONTEURS, DES ANIMATEURS ET DES SCIENTIFIQUES D\u00c9JANT\u00c9S ET D\u00c9LIRANTS[\/vc_custom_heading][vc_column_text text_color=\u00a0\u00bbcolor-xsdn\u00a0\u00bb uncode_shortcode_id=\u00a0\u00bb865540&Prime; text_color_type=\u00a0\u00bbuncode-palette\u00a0\u00bb]Notre \u00e9quipe est compos\u00e9e d&rsquo;un groupe de personnages loufoques et nous esp\u00e9rons que vous en ferez partie. Aidez-nous \u00e0 cr\u00e9er de nouveaux mondes, \u00e0 raconter des histoires qui stimulent l&rsquo;imagination et \u00e0 organiser une formidable f\u00eate estivale.[\/vc_column_text][vc_button button_color=\u00a0\u00bbcolor-wayh\u00a0\u00bb radius=\u00a0\u00bbbtn-round\u00a0\u00bb border_width=\u00a0\u00bb0&Prime; link=\u00a0\u00bburl:https%3A%2F%2Fapply.workable.com%2Fbardel-entertainment%2F|target:_blank\u00a0\u00bb button_color_type=\u00a0\u00bbuncode-palette\u00a0\u00bb uncode_shortcode_id=\u00a0\u00bb113492&Prime;]Voir nos postes[\/vc_button][\/vc_column][\/vc_row]<\/p>\n<\/div>","protected":false},"excerpt":{"rendered":"<p>Cr\u00e9ez des mises en page Carousel attrayantes et \u00e9l\u00e9gantes avec des param\u00e8tres de conception d\u00e9taill\u00e9s en utilisant des publications de blog, des \u00e9l\u00e9ments de portefeuille, des produits de boutique ou des fichiers d&rsquo;images et de vid\u00e9os.<\/p>\n","protected":false},"author":32,"featured_media":0,"parent":0,"menu_order":4,"comment_status":"closed","ping_status":"closed","template":"","meta":{"inline_featured_image":false,"footnotes":""},"class_list":["post-107516","page","type-page","status-publish","hentry"],"yoast_head":"<!-- This site is optimized with the Yoast SEO plugin v27.4 - https:\/\/yoast.com\/product\/yoast-seo-wordpress\/ -->\n<title>Contactez-nous - Bardel Entertainment<\/title>\n<meta name=\"description\" content=\"Vous cherchez \u00e0 contacter quelqu&#039;un chez Bardel \u00e0 notre bureau de Vancouver ou \u00e0 celui de Kelowna ? Envoyez-nous un courriel et nous vous contacterons.\" \/>\n<meta name=\"robots\" content=\"index, follow, max-snippet:-1, max-image-preview:large, max-video-preview:-1\" \/>\n<link rel=\"canonical\" href=\"https:\/\/bardel.ca\/fr\/contactez-nous\/\" \/>\n<meta property=\"og:locale\" content=\"fr_FR\" \/>\n<meta property=\"og:type\" content=\"article\" \/>\n<meta property=\"og:title\" content=\"Contactez-nous - Bardel Entertainment\" \/>\n<meta property=\"og:description\" content=\"Vous cherchez \u00e0 contacter quelqu&#039;un chez Bardel \u00e0 notre bureau de Vancouver ou \u00e0 celui de Kelowna ? Envoyez-nous un courriel et nous vous contacterons.\" \/>\n<meta property=\"og:url\" content=\"https:\/\/bardel.ca\/fr\/contactez-nous\/\" \/>\n<meta property=\"og:site_name\" content=\"Bardel Entertainment\" \/>\n<meta property=\"article:modified_time\" content=\"2025-08-28T18:11:20+00:00\" \/>\n<meta name=\"twitter:label1\" content=\"Dur\u00e9e de lecture estim\u00e9e\" \/>\n\t<meta name=\"twitter:data1\" content=\"2 minutes\" \/>\n<script type=\"application\/ld+json\" class=\"yoast-schema-graph\">{\"@context\":\"https:\\\/\\\/schema.org\",\"@graph\":[{\"@type\":\"WebPage\",\"@id\":\"https:\\\/\\\/bardel.ca\\\/fr\\\/contactez-nous\\\/\",\"url\":\"https:\\\/\\\/bardel.ca\\\/fr\\\/contactez-nous\\\/\",\"name\":\"Contactez-nous - Bardel Entertainment\",\"isPartOf\":{\"@id\":\"https:\\\/\\\/bardel.ca\\\/fr\\\/#website\"},\"datePublished\":\"2022-06-24T17:21:18+00:00\",\"dateModified\":\"2025-08-28T18:11:20+00:00\",\"description\":\"Vous cherchez \u00e0 contacter quelqu'un chez Bardel \u00e0 notre bureau de Vancouver ou \u00e0 celui de Kelowna ? Envoyez-nous un courriel et nous vous contacterons.\",\"breadcrumb\":{\"@id\":\"https:\\\/\\\/bardel.ca\\\/fr\\\/contactez-nous\\\/#breadcrumb\"},\"inLanguage\":\"fr-FR\",\"potentialAction\":[{\"@type\":\"ReadAction\",\"target\":[\"https:\\\/\\\/bardel.ca\\\/fr\\\/contactez-nous\\\/\"]}]},{\"@type\":\"BreadcrumbList\",\"@id\":\"https:\\\/\\\/bardel.ca\\\/fr\\\/contactez-nous\\\/#breadcrumb\",\"itemListElement\":[{\"@type\":\"ListItem\",\"position\":1,\"name\":\"Home\",\"item\":\"https:\\\/\\\/bardel.ca\\\/fr\\\/\"},{\"@type\":\"ListItem\",\"position\":2,\"name\":\"Contactez-nous\"}]},{\"@type\":\"WebSite\",\"@id\":\"https:\\\/\\\/bardel.ca\\\/fr\\\/#website\",\"url\":\"https:\\\/\\\/bardel.ca\\\/fr\\\/\",\"name\":\"Bardel Entertainment\",\"description\":\"Official Website for Award Winning Vancouver Animation Studio.\",\"potentialAction\":[{\"@type\":\"SearchAction\",\"target\":{\"@type\":\"EntryPoint\",\"urlTemplate\":\"https:\\\/\\\/bardel.ca\\\/fr\\\/?s={search_term_string}\"},\"query-input\":{\"@type\":\"PropertyValueSpecification\",\"valueRequired\":true,\"valueName\":\"search_term_string\"}}],\"inLanguage\":\"fr-FR\"}]}<\/script>\n<!-- \/ Yoast SEO plugin. -->","yoast_head_json":{"title":"Contactez-nous - Bardel Entertainment","description":"Vous cherchez \u00e0 contacter quelqu'un chez Bardel \u00e0 notre bureau de Vancouver ou \u00e0 celui de Kelowna ? Envoyez-nous un courriel et nous vous contacterons.","robots":{"index":"index","follow":"follow","max-snippet":"max-snippet:-1","max-image-preview":"max-image-preview:large","max-video-preview":"max-video-preview:-1"},"canonical":"https:\/\/bardel.ca\/fr\/contactez-nous\/","og_locale":"fr_FR","og_type":"article","og_title":"Contactez-nous - Bardel Entertainment","og_description":"Vous cherchez \u00e0 contacter quelqu'un chez Bardel \u00e0 notre bureau de Vancouver ou \u00e0 celui de Kelowna ? Envoyez-nous un courriel et nous vous contacterons.","og_url":"https:\/\/bardel.ca\/fr\/contactez-nous\/","og_site_name":"Bardel Entertainment","article_modified_time":"2025-08-28T18:11:20+00:00","twitter_misc":{"Dur\u00e9e de lecture estim\u00e9e":"2 minutes"},"schema":{"@context":"https:\/\/schema.org","@graph":[{"@type":"WebPage","@id":"https:\/\/bardel.ca\/fr\/contactez-nous\/","url":"https:\/\/bardel.ca\/fr\/contactez-nous\/","name":"Contactez-nous - Bardel Entertainment","isPartOf":{"@id":"https:\/\/bardel.ca\/fr\/#website"},"datePublished":"2022-06-24T17:21:18+00:00","dateModified":"2025-08-28T18:11:20+00:00","description":"Vous cherchez \u00e0 contacter quelqu'un chez Bardel \u00e0 notre bureau de Vancouver ou \u00e0 celui de Kelowna ? Envoyez-nous un courriel et nous vous contacterons.","breadcrumb":{"@id":"https:\/\/bardel.ca\/fr\/contactez-nous\/#breadcrumb"},"inLanguage":"fr-FR","potentialAction":[{"@type":"ReadAction","target":["https:\/\/bardel.ca\/fr\/contactez-nous\/"]}]},{"@type":"BreadcrumbList","@id":"https:\/\/bardel.ca\/fr\/contactez-nous\/#breadcrumb","itemListElement":[{"@type":"ListItem","position":1,"name":"Home","item":"https:\/\/bardel.ca\/fr\/"},{"@type":"ListItem","position":2,"name":"Contactez-nous"}]},{"@type":"WebSite","@id":"https:\/\/bardel.ca\/fr\/#website","url":"https:\/\/bardel.ca\/fr\/","name":"Bardel Entertainment","description":"Official Website for Award Winning Vancouver Animation Studio.","potentialAction":[{"@type":"SearchAction","target":{"@type":"EntryPoint","urlTemplate":"https:\/\/bardel.ca\/fr\/?s={search_term_string}"},"query-input":{"@type":"PropertyValueSpecification","valueRequired":true,"valueName":"search_term_string"}}],"inLanguage":"fr-FR"}]}},"_links":{"self":[{"href":"https:\/\/bardel.ca\/fr\/wp-json\/wp\/v2\/pages\/107516","targetHints":{"allow":["GET"]}}],"collection":[{"href":"https:\/\/bardel.ca\/fr\/wp-json\/wp\/v2\/pages"}],"about":[{"href":"https:\/\/bardel.ca\/fr\/wp-json\/wp\/v2\/types\/page"}],"author":[{"embeddable":true,"href":"https:\/\/bardel.ca\/fr\/wp-json\/wp\/v2\/users\/32"}],"replies":[{"embeddable":true,"href":"https:\/\/bardel.ca\/fr\/wp-json\/wp\/v2\/comments?post=107516"}],"version-history":[{"count":5,"href":"https:\/\/bardel.ca\/fr\/wp-json\/wp\/v2\/pages\/107516\/revisions"}],"predecessor-version":[{"id":108363,"href":"https:\/\/bardel.ca\/fr\/wp-json\/wp\/v2\/pages\/107516\/revisions\/108363"}],"wp:attachment":[{"href":"https:\/\/bardel.ca\/fr\/wp-json\/wp\/v2\/media?parent=107516"}],"curies":[{"name":"wp","href":"https:\/\/api.w.org\/{rel}","templated":true}]}}