{"id":107495,"date":"2022-06-24T11:33:24","date_gmt":"2022-06-24T18:33:24","guid":{"rendered":"https:\/\/bardel.ca\/projects\/"},"modified":"2025-12-09T17:56:58","modified_gmt":"2025-12-10T01:56:58","slug":"projects","status":"publish","type":"page","link":"https:\/\/bardel.ca\/fr\/projects\/","title":{"rendered":"Projects"},"content":{"rendered":"<div class=\"wpb-content-wrapper\"><p>[vc_row row_height_percent=\u00a0\u00bb0&Prime; back_color=\u00a0\u00bbcolor-wayh\u00a0\u00bb overlay_alpha=\u00a0\u00bb50&Prime; gutter_size=\u00a0\u00bb3&Prime; column_width_use_pixel=\u00a0\u00bbyes\u00a0\u00bb shift_y=\u00a0\u00bb0&Prime; z_index=\u00a0\u00bb0&Prime; uncode_shortcode_id=\u00a0\u00bb394917&Prime; back_color_type=\u00a0\u00bbuncode-palette\u00a0\u00bb column_width_pixel=\u00a0\u00bb1800px\u00a0\u00bb][vc_column column_width_percent=\u00a0\u00bb100&Prime; gutter_size=\u00a0\u00bb3&Prime; overlay_alpha=\u00a0\u00bb50&Prime; shift_x=\u00a0\u00bb0&Prime; shift_y=\u00a0\u00bb0&Prime; shift_y_down=\u00a0\u00bb0&Prime; z_index=\u00a0\u00bb0&Prime; medium_width=\u00a0\u00bb0&Prime; mobile_width=\u00a0\u00bb0&Prime; width=\u00a0\u00bb1\/1&Prime; uncode_shortcode_id=\u00a0\u00bb805304&Prime;][uncode_index el_id=\u00a0\u00bbindex-109942&Prime; isotope_mode=\u00a0\u00bbfitRows\u00a0\u00bb loop=\u00a0\u00bbsize:12|order_by:date|post_type:portfolio|taxonomy_count:10&Prime; screen_lg=\u00a0\u00bb1000&Prime; screen_md=\u00a0\u00bb600&Prime; screen_sm=\u00a0\u00bb480&Prime; filtering=\u00a0\u00bbyes\u00a0\u00bb filter_style=\u00a0\u00bbdark\u00a0\u00bb filtering_uppercase=\u00a0\u00bbyes\u00a0\u00bb filtering_position=\u00a0\u00bbcenter\u00a0\u00bb gutter_size=\u00a0\u00bb3&Prime; portfolio_items=\u00a0\u00bbmedia|featured|onpost|original,category|nobg|relative|hide-icon,title\u00a0\u00bb footer_style=\u00a0\u00bbdark\u00a0\u00bb single_text=\u00a0\u00bboverlay\u00a0\u00bb single_width=\u00a0\u00bb6&Prime; single_overlay_color=\u00a0\u00bbcolor-jevc\u00a0\u00bb single_overlay_coloration=\u00a0\u00bbbottom_gradient\u00a0\u00bb single_overlay_opacity=\u00a0\u00bb50&Prime; single_overlay_visible=\u00a0\u00bbyes\u00a0\u00bb single_overlay_anim=\u00a0\u00bbno\u00a0\u00bb single_text_visible=\u00a0\u00bbyes\u00a0\u00bb single_text_anim=\u00a0\u00bbno\u00a0\u00bb single_image_anim=\u00a0\u00bbno\u00a0\u00bb single_v_position=\u00a0\u00bbbottom\u00a0\u00bb single_padding=\u00a0\u00bb2&Prime; single_text_reduced=\u00a0\u00bbyes\u00a0\u00bb single_title_family=\u00a0\u00bbfont-420940&Prime; single_title_dimension=\u00a0\u00bbh3&Prime; single_title_transform=\u00a0\u00bbuppercase\u00a0\u00bb single_meta_custom_typo=\u00a0\u00bbyes\u00a0\u00bb single_meta_transform=\u00a0\u00bbuppercase\u00a0\u00bb single_border=\u00a0\u00bbyes\u00a0\u00bb uncode_shortcode_id=\u00a0\u00bb384114&Prime; el_class=\u00a0\u00bbjs-tiltingpostimage\u00a0\u00bb filter_all_text=\u00a0\u00bbAll\u00a0\u00bb][\/vc_column][\/vc_row][vc_row unlock_row_content=\u00a0\u00bbyes\u00a0\u00bb row_height_percent=\u00a0\u00bb20&Prime; override_padding=\u00a0\u00bbyes\u00a0\u00bb h_padding=\u00a0\u00bb3&Prime; top_padding=\u00a0\u00bb3&Prime; bottom_padding=\u00a0\u00bb2&Prime; back_color=\u00a0\u00bbcolor-mblb\u00a0\u00bb overlay_alpha=\u00a0\u00bb50&Prime; gutter_size=\u00a0\u00bb4&Prime; column_width_percent=\u00a0\u00bb100&Prime; shift_y=\u00a0\u00bb0&Prime; z_index=\u00a0\u00bb0&Prime; uncode_shortcode_id=\u00a0\u00bb200769&Prime; back_color_type=\u00a0\u00bbuncode-palette\u00a0\u00bb][vc_column column_width_use_pixel=\u00a0\u00bbyes\u00a0\u00bb position_vertical=\u00a0\u00bbbottom\u00a0\u00bb align_horizontal=\u00a0\u00bbalign_center\u00a0\u00bb gutter_size=\u00a0\u00bb3&Prime; style=\u00a0\u00bbdark\u00a0\u00bb overlay_alpha=\u00a0\u00bb50&Prime; shift_x=\u00a0\u00bb0&Prime; shift_y=\u00a0\u00bb0&Prime; shift_y_down=\u00a0\u00bb0&Prime; z_index=\u00a0\u00bb0&Prime; medium_width=\u00a0\u00bb0&Prime; mobile_width=\u00a0\u00bb0&Prime; css_animation=\u00a0\u00bbbottom-t-top\u00a0\u00bb animation_delay=\u00a0\u00bb200&Prime; parallax_intensity=\u00a0\u00bb3&Prime; width=\u00a0\u00bb1\/1&Prime; uncode_shortcode_id=\u00a0\u00bb659585&Prime; column_width_pixel=\u00a0\u00bb750&Prime;][vc_custom_heading text_color=\u00a0\u00bbcolor-xsdn\u00a0\u00bb text_font=\u00a0\u00bbfont-111184&Prime; text_size=\u00a0\u00bbfontsize-445851&Prime; text_transform=\u00a0\u00bbuppercase\u00a0\u00bb text_height=\u00a0\u00bbfontheight-357766&Prime; css_animation=\u00a0\u00bbmarquee-scroll-opposite\u00a0\u00bb marquee_clone=\u00a0\u00bbyes\u00a0\u00bb uncode_shortcode_id=\u00a0\u00bb102543&Prime; text_color_type=\u00a0\u00bbuncode-palette\u00a0\u00bb]joignez-nous[\/vc_custom_heading]<div class=\"reveal-element js-risingimage\"><div class=\"reveal-element-container\"><img decoding=\"async\" class=\"reveal-image-bg\" src=\"https:\/\/bardel.ca\/wp-content\/themes\/uncode-child\/assets\/reveal.png\" alt=\"Reveal\" \/><image class=\"reveal-image\" src=\"https:\/\/bardel.ca\/wp-content\/uploads\/2022\/09\/main_gang_running-v3.png\" alt=\"Reveal\" \/><\/div><\/div>[vc_custom_heading text_color=\u00a0\u00bbcolor-prif\u00a0\u00bb heading_semantic=\u00a0\u00bbh3&Prime; text_font=\u00a0\u00bbfont-111184&Prime; text_size=\u00a0\u00bbh6&Prime; text_weight=\u00a0\u00bb500&Prime; text_transform=\u00a0\u00bbuppercase\u00a0\u00bb uncode_shortcode_id=\u00a0\u00bb116417&Prime; text_color_type=\u00a0\u00bbuncode-palette\u00a0\u00bb]TRAVAILLEZ AVEC DES CONTEURS, DES ANIMATEURS ET DES SCIENTIFIQUES D\u00c9JANT\u00c9S ET D\u00c9LIRANTS[\/vc_custom_heading][vc_column_text text_color=\u00a0\u00bbcolor-xsdn\u00a0\u00bb uncode_shortcode_id=\u00a0\u00bb887997&Prime; text_color_type=\u00a0\u00bbuncode-palette\u00a0\u00bb]Joignez notre groupe de personnages loufoques. Aidez-nous \u00e0 raconter des histoires qui stimulent l&rsquo;imagination, rendent l&rsquo;irr\u00e9el r\u00e9el et organisent une formidable f\u00eate estivale.[\/vc_column_text][vc_button button_color=\u00a0\u00bbcolor-wayh\u00a0\u00bb radius=\u00a0\u00bbbtn-round\u00a0\u00bb border_width=\u00a0\u00bb0&Prime; link=\u00a0\u00bburl:https%3A%2F%2Fapply.workable.com%2Fbardel-entertainment%2F|target:_blank\u00a0\u00bb button_color_type=\u00a0\u00bbuncode-palette\u00a0\u00bb uncode_shortcode_id=\u00a0\u00bb767217&Prime;]Voir nos postes[\/vc_button][\/vc_column][\/vc_row]<\/p>\n<\/div>","protected":false},"excerpt":{"rendered":"<p>Cr\u00e9ez des mises en page Carousel attrayantes et \u00e9l\u00e9gantes avec des param\u00e8tres de conception d\u00e9taill\u00e9s en utilisant des publications de blog, des \u00e9l\u00e9ments de portefeuille, des produits de boutique ou des fichiers d&rsquo;images et de vid\u00e9os.<\/p>\n","protected":false},"author":32,"featured_media":0,"parent":0,"menu_order":2,"comment_status":"open","ping_status":"closed","template":"","meta":{"inline_featured_image":false,"footnotes":""},"class_list":["post-107495","page","type-page","status-publish","hentry"],"yoast_head":"<!-- This site is optimized with the Yoast SEO plugin v27.4 - https:\/\/yoast.com\/product\/yoast-seo-wordpress\/ -->\n<title>Projects - Bardel Entertainment<\/title>\n<meta name=\"description\" content=\"D\u00e9couvrez quelques-uns des projets que nous avons r\u00e9alis\u00e9s dans nos studios \u00e0 Bardel au fil des ann\u00e9es. Bien s\u00fbr, il y a une tonne de projets, contactez-nous pour en savoir plus.\" \/>\n<meta name=\"robots\" content=\"index, follow, max-snippet:-1, max-image-preview:large, max-video-preview:-1\" \/>\n<link rel=\"canonical\" href=\"https:\/\/bardel.ca\/fr\/projects\/\" \/>\n<meta property=\"og:locale\" content=\"fr_FR\" \/>\n<meta property=\"og:type\" content=\"article\" \/>\n<meta property=\"og:title\" content=\"Projects - Bardel Entertainment\" \/>\n<meta property=\"og:description\" content=\"D\u00e9couvrez quelques-uns des projets que nous avons r\u00e9alis\u00e9s dans nos studios \u00e0 Bardel au fil des ann\u00e9es. Bien s\u00fbr, il y a une tonne de projets, contactez-nous pour en savoir plus.\" \/>\n<meta property=\"og:url\" content=\"https:\/\/bardel.ca\/fr\/projects\/\" \/>\n<meta property=\"og:site_name\" content=\"Bardel Entertainment\" \/>\n<meta property=\"article:modified_time\" content=\"2025-12-10T01:56:58+00:00\" \/>\n<meta name=\"twitter:label1\" content=\"Dur\u00e9e de lecture estim\u00e9e\" \/>\n\t<meta name=\"twitter:data1\" content=\"1 minute\" \/>\n<script type=\"application\/ld+json\" class=\"yoast-schema-graph\">{\"@context\":\"https:\\\/\\\/schema.org\",\"@graph\":[{\"@type\":\"WebPage\",\"@id\":\"https:\\\/\\\/bardel.ca\\\/fr\\\/projects\\\/\",\"url\":\"https:\\\/\\\/bardel.ca\\\/fr\\\/projects\\\/\",\"name\":\"Projects - Bardel Entertainment\",\"isPartOf\":{\"@id\":\"https:\\\/\\\/bardel.ca\\\/fr\\\/#website\"},\"datePublished\":\"2022-06-24T18:33:24+00:00\",\"dateModified\":\"2025-12-10T01:56:58+00:00\",\"description\":\"D\u00e9couvrez quelques-uns des projets que nous avons r\u00e9alis\u00e9s dans nos studios \u00e0 Bardel au fil des ann\u00e9es. Bien s\u00fbr, il y a une tonne de projets, contactez-nous pour en savoir plus.\",\"breadcrumb\":{\"@id\":\"https:\\\/\\\/bardel.ca\\\/fr\\\/projects\\\/#breadcrumb\"},\"inLanguage\":\"fr-FR\",\"potentialAction\":[{\"@type\":\"ReadAction\",\"target\":[\"https:\\\/\\\/bardel.ca\\\/fr\\\/projects\\\/\"]}]},{\"@type\":\"BreadcrumbList\",\"@id\":\"https:\\\/\\\/bardel.ca\\\/fr\\\/projects\\\/#breadcrumb\",\"itemListElement\":[{\"@type\":\"ListItem\",\"position\":1,\"name\":\"Home\",\"item\":\"https:\\\/\\\/bardel.ca\\\/fr\\\/\"},{\"@type\":\"ListItem\",\"position\":2,\"name\":\"Projects\"}]},{\"@type\":\"WebSite\",\"@id\":\"https:\\\/\\\/bardel.ca\\\/fr\\\/#website\",\"url\":\"https:\\\/\\\/bardel.ca\\\/fr\\\/\",\"name\":\"Bardel Entertainment\",\"description\":\"Official Website for Award Winning Vancouver Animation Studio.\",\"potentialAction\":[{\"@type\":\"SearchAction\",\"target\":{\"@type\":\"EntryPoint\",\"urlTemplate\":\"https:\\\/\\\/bardel.ca\\\/fr\\\/?s={search_term_string}\"},\"query-input\":{\"@type\":\"PropertyValueSpecification\",\"valueRequired\":true,\"valueName\":\"search_term_string\"}}],\"inLanguage\":\"fr-FR\"}]}<\/script>\n<!-- \/ Yoast SEO plugin. -->","yoast_head_json":{"title":"Projects - Bardel Entertainment","description":"D\u00e9couvrez quelques-uns des projets que nous avons r\u00e9alis\u00e9s dans nos studios \u00e0 Bardel au fil des ann\u00e9es. Bien s\u00fbr, il y a une tonne de projets, contactez-nous pour en savoir plus.","robots":{"index":"index","follow":"follow","max-snippet":"max-snippet:-1","max-image-preview":"max-image-preview:large","max-video-preview":"max-video-preview:-1"},"canonical":"https:\/\/bardel.ca\/fr\/projects\/","og_locale":"fr_FR","og_type":"article","og_title":"Projects - Bardel Entertainment","og_description":"D\u00e9couvrez quelques-uns des projets que nous avons r\u00e9alis\u00e9s dans nos studios \u00e0 Bardel au fil des ann\u00e9es. Bien s\u00fbr, il y a une tonne de projets, contactez-nous pour en savoir plus.","og_url":"https:\/\/bardel.ca\/fr\/projects\/","og_site_name":"Bardel Entertainment","article_modified_time":"2025-12-10T01:56:58+00:00","twitter_misc":{"Dur\u00e9e de lecture estim\u00e9e":"1 minute"},"schema":{"@context":"https:\/\/schema.org","@graph":[{"@type":"WebPage","@id":"https:\/\/bardel.ca\/fr\/projects\/","url":"https:\/\/bardel.ca\/fr\/projects\/","name":"Projects - Bardel Entertainment","isPartOf":{"@id":"https:\/\/bardel.ca\/fr\/#website"},"datePublished":"2022-06-24T18:33:24+00:00","dateModified":"2025-12-10T01:56:58+00:00","description":"D\u00e9couvrez quelques-uns des projets que nous avons r\u00e9alis\u00e9s dans nos studios \u00e0 Bardel au fil des ann\u00e9es. Bien s\u00fbr, il y a une tonne de projets, contactez-nous pour en savoir plus.","breadcrumb":{"@id":"https:\/\/bardel.ca\/fr\/projects\/#breadcrumb"},"inLanguage":"fr-FR","potentialAction":[{"@type":"ReadAction","target":["https:\/\/bardel.ca\/fr\/projects\/"]}]},{"@type":"BreadcrumbList","@id":"https:\/\/bardel.ca\/fr\/projects\/#breadcrumb","itemListElement":[{"@type":"ListItem","position":1,"name":"Home","item":"https:\/\/bardel.ca\/fr\/"},{"@type":"ListItem","position":2,"name":"Projects"}]},{"@type":"WebSite","@id":"https:\/\/bardel.ca\/fr\/#website","url":"https:\/\/bardel.ca\/fr\/","name":"Bardel Entertainment","description":"Official Website for Award Winning Vancouver Animation Studio.","potentialAction":[{"@type":"SearchAction","target":{"@type":"EntryPoint","urlTemplate":"https:\/\/bardel.ca\/fr\/?s={search_term_string}"},"query-input":{"@type":"PropertyValueSpecification","valueRequired":true,"valueName":"search_term_string"}}],"inLanguage":"fr-FR"}]}},"_links":{"self":[{"href":"https:\/\/bardel.ca\/fr\/wp-json\/wp\/v2\/pages\/107495","targetHints":{"allow":["GET"]}}],"collection":[{"href":"https:\/\/bardel.ca\/fr\/wp-json\/wp\/v2\/pages"}],"about":[{"href":"https:\/\/bardel.ca\/fr\/wp-json\/wp\/v2\/types\/page"}],"author":[{"embeddable":true,"href":"https:\/\/bardel.ca\/fr\/wp-json\/wp\/v2\/users\/32"}],"replies":[{"embeddable":true,"href":"https:\/\/bardel.ca\/fr\/wp-json\/wp\/v2\/comments?post=107495"}],"version-history":[{"count":5,"href":"https:\/\/bardel.ca\/fr\/wp-json\/wp\/v2\/pages\/107495\/revisions"}],"predecessor-version":[{"id":108522,"href":"https:\/\/bardel.ca\/fr\/wp-json\/wp\/v2\/pages\/107495\/revisions\/108522"}],"wp:attachment":[{"href":"https:\/\/bardel.ca\/fr\/wp-json\/wp\/v2\/media?parent=107495"}],"curies":[{"name":"wp","href":"https:\/\/api.w.org\/{rel}","templated":true}]}}