{"id":107489,"date":"2022-06-13T14:33:35","date_gmt":"2022-06-13T21:33:35","guid":{"rendered":"https:\/\/bardel.ca\/a-propos-de-bous\/"},"modified":"2024-10-17T14:47:13","modified_gmt":"2024-10-17T21:47:13","slug":"a-propos-de-bous","status":"publish","type":"page","link":"https:\/\/bardel.ca\/fr\/a-propos-de-bous\/","title":{"rendered":"\u00c0 propos de nous"},"content":{"rendered":"<div class=\"wpb-content-wrapper\"><p>[vc_row row_height_percent=\u00a0\u00bb40&Prime; back_color=\u00a0\u00bbcolor-wayh\u00a0\u00bb overlay_alpha=\u00a0\u00bb50&Prime; gutter_size=\u00a0\u00bb4&Prime; column_width_percent=\u00a0\u00bb100&Prime; shift_y=\u00a0\u00bb0&Prime; z_index=\u00a0\u00bb0&Prime; uncode_shortcode_id=\u00a0\u00bb196904&Prime; back_color_type=\u00a0\u00bbuncode-palette\u00a0\u00bb][vc_column column_width_percent=\u00a0\u00bb85&Prime; gutter_size=\u00a0\u00bb2&Prime; overlay_alpha=\u00a0\u00bb50&Prime; shift_x=\u00a0\u00bb0&Prime; shift_y=\u00a0\u00bb0&Prime; shift_y_down=\u00a0\u00bb0&Prime; z_index=\u00a0\u00bb0&Prime; medium_width=\u00a0\u00bb0&Prime; mobile_width=\u00a0\u00bb0&Prime; css_animation=\u00a0\u00bbbottom-t-top\u00a0\u00bb width=\u00a0\u00bb1\/3&Prime; uncode_shortcode_id=\u00a0\u00bb817937&Prime;][vc_row_inner limit_content=\u00a0\u00bb\u00a0\u00bb][vc_column_inner width=\u00a0\u00bb1\/3&Prime;][vc_custom_heading text_color=\u00a0\u00bbcolor-prif\u00a0\u00bb heading_semantic=\u00a0\u00bbh3&Prime; text_font=\u00a0\u00bbfont-111184&Prime; text_size=\u00a0\u00bbh6&Prime; text_transform=\u00a0\u00bbuppercase\u00a0\u00bb sub_reduced=\u00a0\u00bbyes\u00a0\u00bb uncode_shortcode_id=\u00a0\u00bb154807&Prime; text_color_type=\u00a0\u00bbuncode-palette\u00a0\u00bb subheading=\u00a0\u00bbNotre havre de paix cr\u00e9atif concilie un travail qui change la donne avec des jeux extraordinaires. Nous sommes fiers de nos films d&rsquo;animation et de nos grandes f\u00eates d&rsquo;\u00e9t\u00e9 bien connues. Que ce soit en personne ou en ligne, les Bardeliens peuvent \u00eatre fiers de beaucoup de choses, y compris de leur <em>swag<\/em>.\u00a0\u00bb]Culture[\/vc_custom_heading][\/vc_column_inner][vc_column_inner width=\u00a0\u00bb1\/3&Prime;][vc_custom_heading text_color=\u00a0\u00bbcolor-prif\u00a0\u00bb heading_semantic=\u00a0\u00bbh3&Prime; text_font=\u00a0\u00bbfont-111184&Prime; text_size=\u00a0\u00bbh6&Prime; text_transform=\u00a0\u00bbuppercase\u00a0\u00bb sub_reduced=\u00a0\u00bbyes\u00a0\u00bb uncode_shortcode_id=\u00a0\u00bb200293&Prime; text_color_type=\u00a0\u00bbuncode-palette\u00a0\u00bb subheading=\u00a0\u00bbNous ne reculons devant aucune id\u00e9e, technique ou technologie nouvelle. Nous croyons que notre cr\u00e9ativit\u00e9 et nos collaborations peuvent tout accomplir. Et, quelle que soit notre croissance, nous restons ancr\u00e9s dans les racines cr\u00e9atives de l\u2019art de l\u2019animation.\u00a0\u00bb]Philosophie[\/vc_custom_heading][\/vc_column_inner][vc_column_inner width=\u00a0\u00bb1\/3&Prime;][vc_custom_heading text_color=\u00a0\u00bbcolor-prif\u00a0\u00bb heading_semantic=\u00a0\u00bbh3&Prime; text_font=\u00a0\u00bbfont-111184&Prime; text_size=\u00a0\u00bbh6&Prime; text_transform=\u00a0\u00bbuppercase\u00a0\u00bb sub_reduced=\u00a0\u00bbyes\u00a0\u00bb uncode_shortcode_id=\u00a0\u00bb151512&Prime; text_color_type=\u00a0\u00bbuncode-palette\u00a0\u00bb subheading=\u00a0\u00bbNous sommes devenus l&rsquo;un des studios les plus reconnus au monde, r\u00e9alisant des projets prim\u00e9s en partenariat avec les plus grands noms de l&rsquo;industrie du divertissement.\u00a0\u00bb]Notre port\u00e9e[\/vc_custom_heading][\/vc_column_inner][\/vc_row_inner][\/vc_column][\/vc_row][vc_row unlock_row_content=\u00a0\u00bbyes\u00a0\u00bb row_height_percent=\u00a0\u00bb0&Prime; back_color=\u00a0\u00bbcolor-wayh\u00a0\u00bb overlay_alpha=\u00a0\u00bb50&Prime; gutter_size=\u00a0\u00bb3&Prime; column_width_percent=\u00a0\u00bb60&Prime; shift_y=\u00a0\u00bb0&Prime; z_index=\u00a0\u00bb0&Prime; uncode_shortcode_id=\u00a0\u00bb295421&Prime; back_color_type=\u00a0\u00bbuncode-palette\u00a0\u00bb][vc_column column_width_percent=\u00a0\u00bb70&Prime; gutter_size=\u00a0\u00bb3&Prime; expand_height=\u00a0\u00bbyes\u00a0\u00bb overlay_alpha=\u00a0\u00bb50&Prime; shift_x=\u00a0\u00bb0&Prime; shift_y=\u00a0\u00bb0&Prime; shift_y_down=\u00a0\u00bb0&Prime; z_index=\u00a0\u00bb0&Prime; medium_width=\u00a0\u00bb0&Prime; mobile_width=\u00a0\u00bb0&Prime; width=\u00a0\u00bb1\/1&Prime; uncode_shortcode_id=\u00a0\u00bb391659&Prime;][vc_gallery el_id=\u00a0\u00bbgallery-111779&Prime; type=\u00a0\u00bbcarousel\u00a0\u00bb medias=\u00a0\u00bb105945,105839,105448,107898,106071,105668,107896,105455,105672,105954,107900,106004,106070&Prime; carousel_lg=\u00a0\u00bb2&Prime; carousel_md=\u00a0\u00bb1&Prime; carousel_sm=\u00a0\u00bb1&Prime; thumb_size=\u00a0\u00bbone-one\u00a0\u00bb gutter_size=\u00a0\u00bb4&Prime; media_items=\u00a0\u00bbmedia|nolink|original\u00a0\u00bb carousel_height=\u00a0\u00bbequal\u00a0\u00bb carousel_interval=\u00a0\u00bb3000&Prime; carousel_navspeed=\u00a0\u00bb400&Prime; carousel_loop=\u00a0\u00bbyes\u00a0\u00bb carousel_overflow=\u00a0\u00bbyes\u00a0\u00bb carousel_dots=\u00a0\u00bbyes\u00a0\u00bb carousel_dots_mobile=\u00a0\u00bbyes\u00a0\u00bb stage_padding=\u00a0\u00bb0&Prime; single_overlay_opacity=\u00a0\u00bb50&Prime; single_overlay_anim=\u00a0\u00bbno\u00a0\u00bb single_padding=\u00a0\u00bb2&Prime; single_border=\u00a0\u00bbyes\u00a0\u00bb uncode_shortcode_id=\u00a0\u00bb155811&Prime; items=\u00a0\u00bbeyIxMDQ1MjVfaSI6eyJzaW5nbGVfd2lkdGgiOiI4Iiwic2luZ2xlX2Nzc19hbmltYXRpb24iOiJwYXJhbGxheCIsInNpbmdsZV9wYXJhbGxheF9pbnRlbnNpdHkiOiIzIn0sIjEwNDUyNF9pIjp7InNpbmdsZV93aWR0aCI6IjciLCJzaW5nbGVfY3NzX2FuaW1hdGlvbiI6InBhcmFsbGF4Iiwic2luZ2xlX3BhcmFsbGF4X2ludGVuc2l0eSI6IjYifSwiMTA0NTM3X2kiOnsic2luZ2xlX3dpZHRoIjoiNSIsInNpbmdsZV9jc3NfYW5pbWF0aW9uIjoicGFyYWxsYXgiLCJzaW5nbGVfcGFyYWxsYXhfaW50ZW5zaXR5IjoiMyJ9LCIxMDQ1OTFfaSI6eyJzaW5nbGVfd2lkdGgiOiI1Iiwic2luZ2xlX2Nzc19hbmltYXRpb24iOiJwYXJhbGxheCIsInNpbmdsZV9wYXJhbGxheF9pbnRlbnNpdHkiOiIzIn19&Prime;][\/vc_column][\/vc_row][vc_row row_height_percent=\u00a0\u00bb58&Prime; back_color=\u00a0\u00bbcolor-wayh\u00a0\u00bb overlay_alpha=\u00a0\u00bb50&Prime; gutter_size=\u00a0\u00bb3&Prime; column_width_percent=\u00a0\u00bb100&Prime; shift_y=\u00a0\u00bb0&Prime; z_index=\u00a0\u00bb0&Prime; uncode_shortcode_id=\u00a0\u00bb101693&Prime; back_color_type=\u00a0\u00bbuncode-palette\u00a0\u00bb][vc_column column_width_percent=\u00a0\u00bb85&Prime; gutter_size=\u00a0\u00bb3&Prime; overlay_alpha=\u00a0\u00bb50&Prime; shift_x=\u00a0\u00bb0&Prime; shift_y=\u00a0\u00bb0&Prime; shift_y_down=\u00a0\u00bb0&Prime; z_index=\u00a0\u00bb0&Prime; medium_width=\u00a0\u00bb0&Prime; mobile_width=\u00a0\u00bb0&Prime; css_animation=\u00a0\u00bbbottom-t-top\u00a0\u00bb width=\u00a0\u00bb1\/4&Prime; uncode_shortcode_id=\u00a0\u00bb106878&Prime;][vc_row_inner limit_content=\u00a0\u00bb\u00a0\u00bb][vc_column_inner width=\u00a0\u00bb1\/2&Prime;][vc_custom_heading text_color=\u00a0\u00bbaccent\u00a0\u00bb text_font=\u00a0\u00bbfont-420940&Prime; text_size=\u00a0\u00bbh3&Prime; text_transform=\u00a0\u00bbuppercase\u00a0\u00bb uncode_shortcode_id=\u00a0\u00bb162536&Prime; text_color_type=\u00a0\u00bbuncode-palette\u00a0\u00bb]Notre histoire[\/vc_custom_heading][\/vc_column_inner][vc_column_inner width=\u00a0\u00bb1\/2&Prime;][vc_column_text text_lead=\u00a0\u00bbyes\u00a0\u00bb uncode_shortcode_id=\u00a0\u00bb246459&Prime;]Laur\u00e9at d\u2019un Emmy Award\u00ae, Bardel Entertainment est un studio de renomm\u00e9e internationale et la force cr\u00e9atrice derri\u00e8re de grands succ\u00e8s tels que <em>Le prince des dragons<\/em>, <em>Rick et Morty<\/em>, <em>teen titans go!<\/em>, et <em>Journal d\u2019un d\u00e9gonfl\u00e9<\/em>.<\/p>\n<p>Notre engagement in\u00e9branlable envers la qualit\u00e9, la cr\u00e9ativit\u00e9 et l&rsquo;innovation a positionn\u00e9 Bardel comme l&rsquo;un des studios les plus recherch\u00e9s au monde avec une expertise qui s&rsquo;\u00e9tend aux s\u00e9ries de grande \u00e9coute pour une programmation t\u00e9l\u00e9vis\u00e9e pour les enfants et les pr\u00e9scolaires, et des projets pour diverses plateformes VOD\/SVOD.<\/p>\n<p>Bardel prosp\u00e8re gr\u00e2ce \u00e0 des partenariats collaboratifs qui alimentent la croissance et l\u2019ing\u00e9niosit\u00e9, en travaillant aux c\u00f4t\u00e9s de g\u00e9ants de l&rsquo;industrie tels que : <strong>Netflix<\/strong>, <strong>Disney<\/strong>, <strong>HBO<\/strong>, <strong>Nickelodeon<\/strong>, <strong>Cartoon Network<\/strong>, <strong>DreamWorks<\/strong>, et <strong>Warner Brothers<\/strong>.<\/p>\n<p>Notre qu\u00eate incessante de repousser les limites, de d\u00e9fier les normes alimente notre croissance et notre apprentissage en continu. Au milieu de notre expansion, une constante demeure \u2013 Notre engagement in\u00e9branlable \u00e0 fournir du contenu de la plus haute qualit\u00e9.[\/vc_column_text][\/vc_column_inner][\/vc_row_inner][\/vc_column][\/vc_row][vc_row row_height_percent=\u00a0\u00bb0&Prime; back_color=\u00a0\u00bbcolor-wayh\u00a0\u00bb overlay_alpha=\u00a0\u00bb50&Prime; gutter_size=\u00a0\u00bb3&Prime; column_width_percent=\u00a0\u00bb100&Prime; shift_y=\u00a0\u00bb0&Prime; z_index=\u00a0\u00bb0&Prime; uncode_shortcode_id=\u00a0\u00bb137264&Prime; back_color_type=\u00a0\u00bbuncode-palette\u00a0\u00bb el_class=\u00a0\u00bbcounter-about\u00a0\u00bb][vc_column column_width_percent=\u00a0\u00bb100&Prime; gutter_size=\u00a0\u00bb3&Prime; overlay_alpha=\u00a0\u00bb50&Prime; shift_x=\u00a0\u00bb0&Prime; shift_y=\u00a0\u00bb0&Prime; shift_y_down=\u00a0\u00bb0&Prime; z_index=\u00a0\u00bb0&Prime; medium_width=\u00a0\u00bb0&Prime; mobile_width=\u00a0\u00bb0&Prime; width=\u00a0\u00bb1\/1&Prime; uncode_shortcode_id=\u00a0\u00bb111993&Prime;][vc_empty_space empty_h=\u00a0\u00bb4&Prime;][vc_row_inner limit_content=\u00a0\u00bb\u00a0\u00bb][vc_column_inner column_width_percent=\u00a0\u00bb100&Prime; position_vertical=\u00a0\u00bbmiddle\u00a0\u00bb align_horizontal=\u00a0\u00bbalign_center\u00a0\u00bb gutter_size=\u00a0\u00bb3&Prime; overlay_alpha=\u00a0\u00bb50&Prime; shift_x=\u00a0\u00bb0&Prime; shift_y=\u00a0\u00bb0&Prime; shift_y_down=\u00a0\u00bb0&Prime; z_index=\u00a0\u00bb0&Prime; medium_width=\u00a0\u00bb4&Prime; mobile_width=\u00a0\u00bb4&Prime; width=\u00a0\u00bb1\/4&Prime; uncode_shortcode_id=\u00a0\u00bb984384&Prime;][uncode_counter value=\u00a0\u00bb1987&Prime; counter_color=\u00a0\u00bbcolor-prif\u00a0\u00bb font=\u00a0\u00bbfont-420940&Prime; size=\u00a0\u00bbfontsize-739966&Prime; text=\u00a0\u00bbFOND\u00c9\u00a0\u00bb css_animation=\u00a0\u00bbbottom-t-top\u00a0\u00bb uncode_shortcode_id=\u00a0\u00bb151312&Prime; counter_color_type=\u00a0\u00bbuncode-palette\u00a0\u00bb][vc_empty_space empty_h=\u00a0\u00bb2&Prime;][\/vc_column_inner][vc_column_inner column_width_percent=\u00a0\u00bb100&Prime; align_horizontal=\u00a0\u00bbalign_center\u00a0\u00bb gutter_size=\u00a0\u00bb3&Prime; overlay_alpha=\u00a0\u00bb50&Prime; shift_x=\u00a0\u00bb0&Prime; shift_y=\u00a0\u00bb0&Prime; shift_y_down=\u00a0\u00bb0&Prime; z_index=\u00a0\u00bb0&Prime; medium_width=\u00a0\u00bb4&Prime; mobile_width=\u00a0\u00bb4&Prime; width=\u00a0\u00bb1\/4&Prime; uncode_shortcode_id=\u00a0\u00bb106936&Prime;][uncode_counter value=\u00a0\u00bb15&Prime; counter_color=\u00a0\u00bbcolor-prif\u00a0\u00bb font=\u00a0\u00bbfont-420940&Prime; size=\u00a0\u00bbfontsize-739966&Prime; text=\u00a0\u00bbPRIX\u00a0\u00bb css_animation=\u00a0\u00bbbottom-t-top\u00a0\u00bb uncode_shortcode_id=\u00a0\u00bb228515&Prime; counter_color_type=\u00a0\u00bbuncode-palette\u00a0\u00bb][vc_empty_space][\/vc_column_inner][vc_column_inner column_width_percent=\u00a0\u00bb100&Prime; align_horizontal=\u00a0\u00bbalign_center\u00a0\u00bb gutter_size=\u00a0\u00bb3&Prime; overlay_alpha=\u00a0\u00bb50&Prime; shift_x=\u00a0\u00bb0&Prime; shift_y=\u00a0\u00bb0&Prime; shift_y_down=\u00a0\u00bb0&Prime; z_index=\u00a0\u00bb0&Prime; medium_width=\u00a0\u00bb4&Prime; mobile_width=\u00a0\u00bb4&Prime; width=\u00a0\u00bb1\/4&Prime; uncode_shortcode_id=\u00a0\u00bb102687&Prime;][uncode_counter value=\u00a0\u00bb2&Prime; counter_color=\u00a0\u00bbcolor-prif\u00a0\u00bb font=\u00a0\u00bbfont-420940&Prime; size=\u00a0\u00bbfontsize-739966&Prime; text=\u00a0\u00bbLIEUX\u00a0\u00bb css_animation=\u00a0\u00bbbottom-t-top\u00a0\u00bb uncode_shortcode_id=\u00a0\u00bb204847&Prime; counter_color_type=\u00a0\u00bbuncode-palette\u00a0\u00bb][\/vc_column_inner][vc_column_inner column_width_percent=\u00a0\u00bb100&Prime; align_horizontal=\u00a0\u00bbalign_center\u00a0\u00bb gutter_size=\u00a0\u00bb3&Prime; overlay_alpha=\u00a0\u00bb50&Prime; shift_x=\u00a0\u00bb0&Prime; shift_y=\u00a0\u00bb0&Prime; shift_y_down=\u00a0\u00bb0&Prime; z_index=\u00a0\u00bb0&Prime; medium_width=\u00a0\u00bb4&Prime; mobile_width=\u00a0\u00bb4&Prime; width=\u00a0\u00bb1\/4&Prime; uncode_shortcode_id=\u00a0\u00bb126949&Prime;][uncode_counter value=\u00a0\u00bb130&Prime; counter_color=\u00a0\u00bbcolor-prif\u00a0\u00bb font=\u00a0\u00bbfont-420940&Prime; size=\u00a0\u00bbfontsize-739966&Prime; text=\u00a0\u00bbPROJETS\u00a0\u00bb css_animation=\u00a0\u00bbbottom-t-top\u00a0\u00bb uncode_shortcode_id=\u00a0\u00bb120858&Prime; counter_color_type=\u00a0\u00bbuncode-palette\u00a0\u00bb][\/vc_column_inner][\/vc_row_inner][\/vc_column][\/vc_row][vc_row unlock_row_content=\u00a0\u00bbyes\u00a0\u00bb row_height_percent=\u00a0\u00bb20&Prime; override_padding=\u00a0\u00bbyes\u00a0\u00bb h_padding=\u00a0\u00bb3&Prime; top_padding=\u00a0\u00bb3&Prime; bottom_padding=\u00a0\u00bb2&Prime; back_color=\u00a0\u00bbcolor-mblb\u00a0\u00bb overlay_alpha=\u00a0\u00bb50&Prime; gutter_size=\u00a0\u00bb4&Prime; column_width_percent=\u00a0\u00bb100&Prime; shift_y=\u00a0\u00bb0&Prime; z_index=\u00a0\u00bb0&Prime; uncode_shortcode_id=\u00a0\u00bb174309&Prime; back_color_type=\u00a0\u00bbuncode-palette\u00a0\u00bb][vc_column column_width_use_pixel=\u00a0\u00bbyes\u00a0\u00bb position_vertical=\u00a0\u00bbbottom\u00a0\u00bb align_horizontal=\u00a0\u00bbalign_center\u00a0\u00bb gutter_size=\u00a0\u00bb3&Prime; style=\u00a0\u00bbdark\u00a0\u00bb overlay_alpha=\u00a0\u00bb50&Prime; shift_x=\u00a0\u00bb0&Prime; shift_y=\u00a0\u00bb0&Prime; shift_y_down=\u00a0\u00bb0&Prime; z_index=\u00a0\u00bb0&Prime; medium_width=\u00a0\u00bb0&Prime; mobile_width=\u00a0\u00bb0&Prime; css_animation=\u00a0\u00bbbottom-t-top\u00a0\u00bb animation_delay=\u00a0\u00bb200&Prime; parallax_intensity=\u00a0\u00bb3&Prime; width=\u00a0\u00bb1\/1&Prime; uncode_shortcode_id=\u00a0\u00bb659585&Prime; column_width_pixel=\u00a0\u00bb750&Prime;][vc_custom_heading text_color=\u00a0\u00bbcolor-xsdn\u00a0\u00bb text_font=\u00a0\u00bbfont-111184&Prime; text_size=\u00a0\u00bbfontsize-445851&Prime; text_transform=\u00a0\u00bbuppercase\u00a0\u00bb text_height=\u00a0\u00bbfontheight-179065&Prime; css_animation=\u00a0\u00bbmarquee-scroll-opposite\u00a0\u00bb marquee_clone=\u00a0\u00bbyes\u00a0\u00bb uncode_shortcode_id=\u00a0\u00bb976848&Prime; text_color_type=\u00a0\u00bbuncode-palette\u00a0\u00bb]Notre \u00e9quipe[\/vc_custom_heading]<div class=\"reveal-element js-risingimage\"><div class=\"reveal-element-container\"><img decoding=\"async\" class=\"reveal-image-bg\" src=\"https:\/\/bardel.ca\/wp-content\/themes\/uncode-child\/assets\/reveal.png\" alt=\"Reveal\" \/><image class=\"reveal-image\" src=\"https:\/\/bardel.ca\/wp-content\/uploads\/2022\/08\/youloveit_ru_44_cats_pictures16-1.png\" alt=\"Reveal\" \/><\/div><\/div>[vc_custom_heading text_color=\u00a0\u00bbcolor-prif\u00a0\u00bb heading_semantic=\u00a0\u00bbh3&Prime; text_font=\u00a0\u00bbfont-111184&Prime; text_size=\u00a0\u00bbh6&Prime; text_weight=\u00a0\u00bb500&Prime; text_transform=\u00a0\u00bbuppercase\u00a0\u00bb uncode_shortcode_id=\u00a0\u00bb149126&Prime; text_color_type=\u00a0\u00bbuncode-palette\u00a0\u00bb]LES PERSONNAGES EN ARRI\u00c8RE<\/p>\n<p>DES PERSONNAGES[\/vc_custom_heading][vc_column_text text_color=\u00a0\u00bbcolor-xsdn\u00a0\u00bb uncode_shortcode_id=\u00a0\u00bb104340&Prime; text_color_type=\u00a0\u00bbuncode-palette\u00a0\u00bb]Notre \u00e9quipe est compos\u00e9e de conteurs talentueux et passionn\u00e9s, qui ont produit plusieurs s\u00e9ries et films prim\u00e9s \u00e0 plusieurs reprises.[\/vc_column_text][vc_button button_color=\u00a0\u00bbcolor-wayh\u00a0\u00bb radius=\u00a0\u00bbbtn-round\u00a0\u00bb border_width=\u00a0\u00bb0&Prime; link=\u00a0\u00bburl:https%3A%2F%2Fbardel.ca%2Ffr%2Fequipe%2F|title:%C3%89quipe|\u00a0\u00bb button_color_type=\u00a0\u00bbuncode-palette\u00a0\u00bb uncode_shortcode_id=\u00a0\u00bb115255&Prime;]Rencontrez notre \u00e9quipe[\/vc_button][\/vc_column][\/vc_row]<\/p>\n<\/div>","protected":false},"excerpt":{"rendered":"<p>Cr\u00e9ez des mises en page Carousel attrayantes et \u00e9l\u00e9gantes avec des param\u00e8tres de conception complets en utilisant des articles de blogues, des \u00e9l\u00e9ments de portefeuille, des produits de boutique, ou des fichiers images et vid\u00e9os.<\/p>\n","protected":false},"author":32,"featured_media":0,"parent":0,"menu_order":7,"comment_status":"open","ping_status":"open","template":"","meta":{"inline_featured_image":false,"footnotes":""},"class_list":["post-107489","page","type-page","status-publish","hentry"],"yoast_head":"<!-- This site is optimized with the Yoast SEO plugin v27.2 - https:\/\/yoast.com\/product\/yoast-seo-wordpress\/ -->\n<title>\u00c0 propos de nous - Bardel Entertainment<\/title>\n<meta name=\"description\" content=\"Fond\u00e9 \u00e0 Vancouver, en Colombie-Britannique, en 1987 par une \u00e9quipe d&#039;artistes passionn\u00e9s, Bardel est aujourd&#039;hui un studio de renomm\u00e9e internationale.\" \/>\n<meta name=\"robots\" content=\"index, follow, max-snippet:-1, max-image-preview:large, max-video-preview:-1\" \/>\n<link rel=\"canonical\" href=\"https:\/\/bardel.ca\/fr\/a-propos-de-bous\/\" \/>\n<meta property=\"og:locale\" content=\"fr_FR\" \/>\n<meta property=\"og:type\" content=\"article\" \/>\n<meta property=\"og:title\" content=\"\u00c0 propos de nous - Bardel Entertainment\" \/>\n<meta property=\"og:description\" content=\"Fond\u00e9 \u00e0 Vancouver, en Colombie-Britannique, en 1987 par une \u00e9quipe d&#039;artistes passionn\u00e9s, Bardel est aujourd&#039;hui un studio de renomm\u00e9e internationale.\" \/>\n<meta property=\"og:url\" content=\"https:\/\/bardel.ca\/fr\/a-propos-de-bous\/\" \/>\n<meta property=\"og:site_name\" content=\"Bardel Entertainment\" \/>\n<meta property=\"article:modified_time\" content=\"2024-10-17T21:47:13+00:00\" \/>\n<meta name=\"twitter:label1\" content=\"Dur\u00e9e de lecture estim\u00e9e\" \/>\n\t<meta name=\"twitter:data1\" content=\"3 minutes\" \/>\n<script type=\"application\/ld+json\" class=\"yoast-schema-graph\">{\"@context\":\"https:\/\/schema.org\",\"@graph\":[{\"@type\":\"WebPage\",\"@id\":\"https:\/\/bardel.ca\/fr\/a-propos-de-bous\/\",\"url\":\"https:\/\/bardel.ca\/fr\/a-propos-de-bous\/\",\"name\":\"\u00c0 propos de nous - Bardel Entertainment\",\"isPartOf\":{\"@id\":\"https:\/\/bardel.ca\/fr\/#website\"},\"datePublished\":\"2022-06-13T21:33:35+00:00\",\"dateModified\":\"2024-10-17T21:47:13+00:00\",\"description\":\"Fond\u00e9 \u00e0 Vancouver, en Colombie-Britannique, en 1987 par une \u00e9quipe d'artistes passionn\u00e9s, Bardel est aujourd'hui un studio de renomm\u00e9e internationale.\",\"breadcrumb\":{\"@id\":\"https:\/\/bardel.ca\/fr\/a-propos-de-bous\/#breadcrumb\"},\"inLanguage\":\"fr-FR\",\"potentialAction\":[{\"@type\":\"ReadAction\",\"target\":[\"https:\/\/bardel.ca\/fr\/a-propos-de-bous\/\"]}]},{\"@type\":\"BreadcrumbList\",\"@id\":\"https:\/\/bardel.ca\/fr\/a-propos-de-bous\/#breadcrumb\",\"itemListElement\":[{\"@type\":\"ListItem\",\"position\":1,\"name\":\"Home\",\"item\":\"https:\/\/bardel.ca\/fr\/\"},{\"@type\":\"ListItem\",\"position\":2,\"name\":\"\u00c0 propos de nous\"}]},{\"@type\":\"WebSite\",\"@id\":\"https:\/\/bardel.ca\/fr\/#website\",\"url\":\"https:\/\/bardel.ca\/fr\/\",\"name\":\"Bardel Entertainment\",\"description\":\"Official Website for Award Winning Vancouver Animation Studio.\",\"potentialAction\":[{\"@type\":\"SearchAction\",\"target\":{\"@type\":\"EntryPoint\",\"urlTemplate\":\"https:\/\/bardel.ca\/fr\/?s={search_term_string}\"},\"query-input\":{\"@type\":\"PropertyValueSpecification\",\"valueRequired\":true,\"valueName\":\"search_term_string\"}}],\"inLanguage\":\"fr-FR\"}]}<\/script>\n<!-- \/ Yoast SEO plugin. -->","yoast_head_json":{"title":"\u00c0 propos de nous - Bardel Entertainment","description":"Fond\u00e9 \u00e0 Vancouver, en Colombie-Britannique, en 1987 par une \u00e9quipe d'artistes passionn\u00e9s, Bardel est aujourd'hui un studio de renomm\u00e9e internationale.","robots":{"index":"index","follow":"follow","max-snippet":"max-snippet:-1","max-image-preview":"max-image-preview:large","max-video-preview":"max-video-preview:-1"},"canonical":"https:\/\/bardel.ca\/fr\/a-propos-de-bous\/","og_locale":"fr_FR","og_type":"article","og_title":"\u00c0 propos de nous - Bardel Entertainment","og_description":"Fond\u00e9 \u00e0 Vancouver, en Colombie-Britannique, en 1987 par une \u00e9quipe d'artistes passionn\u00e9s, Bardel est aujourd'hui un studio de renomm\u00e9e internationale.","og_url":"https:\/\/bardel.ca\/fr\/a-propos-de-bous\/","og_site_name":"Bardel Entertainment","article_modified_time":"2024-10-17T21:47:13+00:00","twitter_misc":{"Dur\u00e9e de lecture estim\u00e9e":"3 minutes"},"schema":{"@context":"https:\/\/schema.org","@graph":[{"@type":"WebPage","@id":"https:\/\/bardel.ca\/fr\/a-propos-de-bous\/","url":"https:\/\/bardel.ca\/fr\/a-propos-de-bous\/","name":"\u00c0 propos de nous - Bardel Entertainment","isPartOf":{"@id":"https:\/\/bardel.ca\/fr\/#website"},"datePublished":"2022-06-13T21:33:35+00:00","dateModified":"2024-10-17T21:47:13+00:00","description":"Fond\u00e9 \u00e0 Vancouver, en Colombie-Britannique, en 1987 par une \u00e9quipe d'artistes passionn\u00e9s, Bardel est aujourd'hui un studio de renomm\u00e9e internationale.","breadcrumb":{"@id":"https:\/\/bardel.ca\/fr\/a-propos-de-bous\/#breadcrumb"},"inLanguage":"fr-FR","potentialAction":[{"@type":"ReadAction","target":["https:\/\/bardel.ca\/fr\/a-propos-de-bous\/"]}]},{"@type":"BreadcrumbList","@id":"https:\/\/bardel.ca\/fr\/a-propos-de-bous\/#breadcrumb","itemListElement":[{"@type":"ListItem","position":1,"name":"Home","item":"https:\/\/bardel.ca\/fr\/"},{"@type":"ListItem","position":2,"name":"\u00c0 propos de nous"}]},{"@type":"WebSite","@id":"https:\/\/bardel.ca\/fr\/#website","url":"https:\/\/bardel.ca\/fr\/","name":"Bardel Entertainment","description":"Official Website for Award Winning Vancouver Animation Studio.","potentialAction":[{"@type":"SearchAction","target":{"@type":"EntryPoint","urlTemplate":"https:\/\/bardel.ca\/fr\/?s={search_term_string}"},"query-input":{"@type":"PropertyValueSpecification","valueRequired":true,"valueName":"search_term_string"}}],"inLanguage":"fr-FR"}]}},"_links":{"self":[{"href":"https:\/\/bardel.ca\/fr\/wp-json\/wp\/v2\/pages\/107489","targetHints":{"allow":["GET"]}}],"collection":[{"href":"https:\/\/bardel.ca\/fr\/wp-json\/wp\/v2\/pages"}],"about":[{"href":"https:\/\/bardel.ca\/fr\/wp-json\/wp\/v2\/types\/page"}],"author":[{"embeddable":true,"href":"https:\/\/bardel.ca\/fr\/wp-json\/wp\/v2\/users\/32"}],"replies":[{"embeddable":true,"href":"https:\/\/bardel.ca\/fr\/wp-json\/wp\/v2\/comments?post=107489"}],"version-history":[{"count":5,"href":"https:\/\/bardel.ca\/fr\/wp-json\/wp\/v2\/pages\/107489\/revisions"}],"predecessor-version":[{"id":108212,"href":"https:\/\/bardel.ca\/fr\/wp-json\/wp\/v2\/pages\/107489\/revisions\/108212"}],"wp:attachment":[{"href":"https:\/\/bardel.ca\/fr\/wp-json\/wp\/v2\/media?parent=107489"}],"curies":[{"name":"wp","href":"https:\/\/api.w.org\/{rel}","templated":true}]}}